{"id":10015,"date":"2024-10-03T21:01:18","date_gmt":"2024-10-03T19:01:18","guid":{"rendered":"https:\/\/www.clementlunetier.com\/?page_id=10015"},"modified":"2024-10-03T21:03:48","modified_gmt":"2024-10-03T19:03:48","slug":"dualism-silmo24-2","status":"publish","type":"page","link":"https:\/\/www.clementlunetier.com\/en\/dualism-silmo24-2\/","title":{"rendered":"DUALISM-SILMO24"},"content":{"rendered":"<div data-elementor-type=\"wp-page\" data-elementor-id=\"10015\" class=\"elementor elementor-10015\" data-elementor-post-type=\"page\">\n\t\t\t\t<div class=\"elementor-element elementor-element-61802a1 e-flex e-con-boxed e-con e-parent\" data-id=\"61802a1\" data-element_type=\"container\" data-e-type=\"container\">\n\t\t\t\t\t<div class=\"e-con-inner\">\n\t\t<div class=\"elementor-element elementor-element-69a59bc e-con-full e-flex e-con e-child\" data-id=\"69a59bc\" data-element_type=\"container\" data-e-type=\"container\">\n\t\t\t\t<\/div>\n\t\t<div class=\"elementor-element elementor-element-3d153a6 e-con-full e-flex e-con e-child\" data-id=\"3d153a6\" data-element_type=\"container\" data-e-type=\"container\">\n\t\t\t\t<\/div>\n\t\t\t\t\t<\/div>\n\t\t\t\t<\/div>\n\t\t<div class=\"elementor-element elementor-element-69f82b0 e-flex e-con-boxed e-con e-parent\" data-id=\"69f82b0\" data-element_type=\"container\" data-e-type=\"container\">\n\t\t\t\t\t<div class=\"e-con-inner\">\n\t\t<div class=\"elementor-element elementor-element-32d1ab5 e-con-full e-flex e-con e-child\" data-id=\"32d1ab5\" data-element_type=\"container\" data-e-type=\"container\">\n\t\t\t\t<div class=\"elementor-element elementor-element-1956d08 elementor-widget elementor-widget-heading\" data-id=\"1956d08\" data-element_type=\"widget\" data-e-type=\"widget\" data-widget_type=\"heading.default\">\n\t\t\t\t<div class=\"elementor-widget-container\">\n\t\t\t\t\t<h1 class=\"elementor-heading-title elementor-size-xxl\"><span style=\"font-size: 60px;font-weight: 400;text-align: right;text-transform: none\">DUALISM<\/span><\/h1>\t\t\t\t<\/div>\n\t\t\t\t<\/div>\n\t\t\t\t<\/div>\n\t\t\t\t\t<\/div>\n\t\t\t\t<\/div>\n\t\t<div class=\"elementor-element elementor-element-16c4d58 e-flex e-con-boxed e-con e-parent\" data-id=\"16c4d58\" data-element_type=\"container\" data-e-type=\"container\">\n\t\t\t\t\t<div class=\"e-con-inner\">\n\t\t\t\t<div class=\"elementor-element elementor-element-1b2c471 elementor-widget elementor-widget-heading\" data-id=\"1b2c471\" data-element_type=\"widget\" data-e-type=\"widget\" data-widget_type=\"heading.default\">\n\t\t\t\t<div class=\"elementor-widget-container\">\n\t\t\t\t\t<h2 class=\"elementor-heading-title elementor-size-small\"><p style=\"margin-bottom: 0px;font-style: normal;font-weight: 400;font-size: 15px;line-height: normal;text-transform: none\"><span style=\"font-size: 16px;text-align: start\">Le concept DUALISM associe m\u00e9lamin\u00e9 et bois pour cr\u00e9er une symphonie visuelle unique, avec des montures \u00e9paisses con\u00e7ues pour les femmes. Ces montures incarnent une dualit\u00e9 subtile, m\u00ealant force et \u00e9l\u00e9gance. Elles offrent une simplicit\u00e9 sophistiqu\u00e9e et un \u00e9quilibre entre modernit\u00e9 et tradition.<\/span><\/p><\/h2>\t\t\t\t<\/div>\n\t\t\t\t<\/div>\n\t\t\t\t\t<\/div>\n\t\t\t\t<\/div>\n\t\t<div class=\"elementor-element elementor-element-acc0388 e-flex e-con-boxed e-con e-parent\" data-id=\"acc0388\" data-element_type=\"container\" data-e-type=\"container\">\n\t\t\t\t\t<div class=\"e-con-inner\">\n\t\t<div class=\"elementor-element elementor-element-ed1c32b e-con-full e-flex e-con e-child\" data-id=\"ed1c32b\" data-element_type=\"container\" data-e-type=\"container\">\n\t\t\t\t<div class=\"elementor-element elementor-element-6fde405 elementor-widget elementor-widget-image\" data-id=\"6fde405\" data-element_type=\"widget\" data-e-type=\"widget\" data-widget_type=\"image.default\">\n\t\t\t\t<div class=\"elementor-widget-container\">\n\t\t\t\t\t\t\t\t\t\t\t\t<figure class=\"wp-caption\">\n\t\t\t\t\t\t\t\t\t\t\t<a href=\"https:\/\/www.clementlunetier.com\/wp-content\/uploads\/2024\/10\/AIDEN.1.CHEN_.NM_.jpg\" data-elementor-open-lightbox=\"yes\" data-elementor-lightbox-title=\"AIDEN.1.CHEN.NM\" data-e-action-hash=\"#elementor-action%3Aaction%3Dlightbox%26settings%3DeyJpZCI6OTgzNywidXJsIjoiaHR0cHM6XC9cL3d3dy5jbGVtZW50bHVuZXRpZXIuY29tXC93cC1jb250ZW50XC91cGxvYWRzXC8yMDI0XC8xMFwvQUlERU4uMS5DSEVOXy5OTV8uanBnIn0%3D\">\n\t\t\t\t\t\t\t<img fetchpriority=\"high\" decoding=\"async\" width=\"1200\" height=\"1200\" src=\"https:\/\/www.clementlunetier.com\/wp-content\/uploads\/2024\/10\/AIDEN.1.CHEN_.NM_-1200x1200.jpg\" class=\"attachment-large size-large wp-image-9837\" alt=\"\" srcset=\"https:\/\/www.clementlunetier.com\/wp-content\/uploads\/2024\/10\/AIDEN.1.CHEN_.NM_-1200x1200.jpg 1200w, https:\/\/www.clementlunetier.com\/wp-content\/uploads\/2024\/10\/AIDEN.1.CHEN_.NM_-600x600.jpg 600w, https:\/\/www.clementlunetier.com\/wp-content\/uploads\/2024\/10\/AIDEN.1.CHEN_.NM_-300x300.jpg 300w, https:\/\/www.clementlunetier.com\/wp-content\/uploads\/2024\/10\/AIDEN.1.CHEN_.NM_-768x768.jpg 768w, https:\/\/www.clementlunetier.com\/wp-content\/uploads\/2024\/10\/AIDEN.1.CHEN_.NM_-1536x1536.jpg 1536w, https:\/\/www.clementlunetier.com\/wp-content\/uploads\/2024\/10\/AIDEN.1.CHEN_.NM_-12x12.jpg 12w, https:\/\/www.clementlunetier.com\/wp-content\/uploads\/2024\/10\/AIDEN.1.CHEN_.NM_-500x500.jpg 500w, https:\/\/www.clementlunetier.com\/wp-content\/uploads\/2024\/10\/AIDEN.1.CHEN_.NM_-1100x1099.jpg 1100w, https:\/\/www.clementlunetier.com\/wp-content\/uploads\/2024\/10\/AIDEN.1.CHEN_.NM_-124x124.jpg 124w, https:\/\/www.clementlunetier.com\/wp-content\/uploads\/2024\/10\/AIDEN.1.CHEN_.NM_.jpg 1886w\" sizes=\"(max-width: 1200px) 100vw, 1200px\" \/>\t\t\t\t\t\t\t\t<\/a>\n\t\t\t\t\t\t\t\t\t\t\t<figcaption class=\"widget-image-caption wp-caption-text\">AIDEN<\/figcaption>\n\t\t\t\t\t\t\t\t\t\t<\/figure>\n\t\t\t\t\t\t\t\t\t<\/div>\n\t\t\t\t<\/div>\n\t\t\t\t<\/div>\n\t\t<div class=\"elementor-element elementor-element-34865b6 e-con-full e-flex e-con e-child\" data-id=\"34865b6\" data-element_type=\"container\" data-e-type=\"container\">\n\t\t\t\t<div class=\"elementor-element elementor-element-b7bb9bd elementor-widget elementor-widget-image\" data-id=\"b7bb9bd\" data-element_type=\"widget\" data-e-type=\"widget\" data-widget_type=\"image.default\">\n\t\t\t\t<div class=\"elementor-widget-container\">\n\t\t\t\t\t\t\t\t\t\t\t\t<figure class=\"wp-caption\">\n\t\t\t\t\t\t\t\t\t\t\t<a href=\"https:\/\/www.clementlunetier.com\/wp-content\/uploads\/2024\/10\/ARIA.18.ACJ_.DM_.jpg\" data-elementor-open-lightbox=\"yes\" data-elementor-lightbox-title=\"ARIA.18.ACJ.DM\" data-e-action-hash=\"#elementor-action%3Aaction%3Dlightbox%26settings%3DeyJpZCI6OTgyNywidXJsIjoiaHR0cHM6XC9cL3d3dy5jbGVtZW50bHVuZXRpZXIuY29tXC93cC1jb250ZW50XC91cGxvYWRzXC8yMDI0XC8xMFwvQVJJQS4xOC5BQ0pfLkRNXy5qcGcifQ%3D%3D\">\n\t\t\t\t\t\t\t<img decoding=\"async\" width=\"1200\" height=\"1200\" src=\"https:\/\/www.clementlunetier.com\/wp-content\/uploads\/2024\/10\/ARIA.18.ACJ_.DM_-1200x1200.jpg\" class=\"attachment-large size-large wp-image-9827\" alt=\"\" srcset=\"https:\/\/www.clementlunetier.com\/wp-content\/uploads\/2024\/10\/ARIA.18.ACJ_.DM_-1200x1200.jpg 1200w, https:\/\/www.clementlunetier.com\/wp-content\/uploads\/2024\/10\/ARIA.18.ACJ_.DM_-600x600.jpg 600w, https:\/\/www.clementlunetier.com\/wp-content\/uploads\/2024\/10\/ARIA.18.ACJ_.DM_-300x300.jpg 300w, https:\/\/www.clementlunetier.com\/wp-content\/uploads\/2024\/10\/ARIA.18.ACJ_.DM_-768x768.jpg 768w, https:\/\/www.clementlunetier.com\/wp-content\/uploads\/2024\/10\/ARIA.18.ACJ_.DM_-1536x1536.jpg 1536w, https:\/\/www.clementlunetier.com\/wp-content\/uploads\/2024\/10\/ARIA.18.ACJ_.DM_-12x12.jpg 12w, https:\/\/www.clementlunetier.com\/wp-content\/uploads\/2024\/10\/ARIA.18.ACJ_.DM_-500x500.jpg 500w, https:\/\/www.clementlunetier.com\/wp-content\/uploads\/2024\/10\/ARIA.18.ACJ_.DM_-1100x1099.jpg 1100w, https:\/\/www.clementlunetier.com\/wp-content\/uploads\/2024\/10\/ARIA.18.ACJ_.DM_-124x124.jpg 124w, https:\/\/www.clementlunetier.com\/wp-content\/uploads\/2024\/10\/ARIA.18.ACJ_.DM_.jpg 1886w\" sizes=\"(max-width: 1200px) 100vw, 1200px\" \/>\t\t\t\t\t\t\t\t<\/a>\n\t\t\t\t\t\t\t\t\t\t\t<figcaption class=\"widget-image-caption wp-caption-text\">ARIA<\/figcaption>\n\t\t\t\t\t\t\t\t\t\t<\/figure>\n\t\t\t\t\t\t\t\t\t<\/div>\n\t\t\t\t<\/div>\n\t\t\t\t<\/div>\n\t\t<div class=\"elementor-element elementor-element-aa86765 e-con-full e-flex e-con e-child\" data-id=\"aa86765\" data-element_type=\"container\" data-e-type=\"container\">\n\t\t\t\t<div class=\"elementor-element elementor-element-35dff85 elementor-widget elementor-widget-image\" data-id=\"35dff85\" data-element_type=\"widget\" data-e-type=\"widget\" data-widget_type=\"image.default\">\n\t\t\t\t<div class=\"elementor-widget-container\">\n\t\t\t\t\t\t\t\t\t\t\t\t<figure class=\"wp-caption\">\n\t\t\t\t\t\t\t\t\t\t\t<a href=\"https:\/\/www.clementlunetier.com\/wp-content\/uploads\/2024\/10\/AIDEN.29.ACJ_.DM_.2.jpg\" data-elementor-open-lightbox=\"yes\" data-elementor-lightbox-title=\"AIDEN.29.ACJ.DM.2\" data-e-action-hash=\"#elementor-action%3Aaction%3Dlightbox%26settings%3DeyJpZCI6OTgzMSwidXJsIjoiaHR0cHM6XC9cL3d3dy5jbGVtZW50bHVuZXRpZXIuY29tXC93cC1jb250ZW50XC91cGxvYWRzXC8yMDI0XC8xMFwvQUlERU4uMjkuQUNKXy5ETV8uMi5qcGcifQ%3D%3D\">\n\t\t\t\t\t\t\t<img decoding=\"async\" width=\"1200\" height=\"1200\" src=\"https:\/\/www.clementlunetier.com\/wp-content\/uploads\/2024\/10\/AIDEN.29.ACJ_.DM_.2-1200x1200.jpg\" class=\"attachment-large size-large wp-image-9831\" alt=\"\" srcset=\"https:\/\/www.clementlunetier.com\/wp-content\/uploads\/2024\/10\/AIDEN.29.ACJ_.DM_.2-1200x1200.jpg 1200w, https:\/\/www.clementlunetier.com\/wp-content\/uploads\/2024\/10\/AIDEN.29.ACJ_.DM_.2-600x600.jpg 600w, https:\/\/www.clementlunetier.com\/wp-content\/uploads\/2024\/10\/AIDEN.29.ACJ_.DM_.2-300x300.jpg 300w, https:\/\/www.clementlunetier.com\/wp-content\/uploads\/2024\/10\/AIDEN.29.ACJ_.DM_.2-768x768.jpg 768w, https:\/\/www.clementlunetier.com\/wp-content\/uploads\/2024\/10\/AIDEN.29.ACJ_.DM_.2-1536x1536.jpg 1536w, https:\/\/www.clementlunetier.com\/wp-content\/uploads\/2024\/10\/AIDEN.29.ACJ_.DM_.2-12x12.jpg 12w, https:\/\/www.clementlunetier.com\/wp-content\/uploads\/2024\/10\/AIDEN.29.ACJ_.DM_.2-500x500.jpg 500w, https:\/\/www.clementlunetier.com\/wp-content\/uploads\/2024\/10\/AIDEN.29.ACJ_.DM_.2-1100x1099.jpg 1100w, https:\/\/www.clementlunetier.com\/wp-content\/uploads\/2024\/10\/AIDEN.29.ACJ_.DM_.2-124x124.jpg 124w, https:\/\/www.clementlunetier.com\/wp-content\/uploads\/2024\/10\/AIDEN.29.ACJ_.DM_.2.jpg 1886w\" sizes=\"(max-width: 1200px) 100vw, 1200px\" \/>\t\t\t\t\t\t\t\t<\/a>\n\t\t\t\t\t\t\t\t\t\t\t<figcaption class=\"widget-image-caption wp-caption-text\">THALIA<\/figcaption>\n\t\t\t\t\t\t\t\t\t\t<\/figure>\n\t\t\t\t\t\t\t\t\t<\/div>\n\t\t\t\t<\/div>\n\t\t\t\t<\/div>\n\t\t<div class=\"elementor-element elementor-element-b2507a5 e-con-full e-flex e-con e-child\" data-id=\"b2507a5\" data-element_type=\"container\" data-e-type=\"container\">\n\t\t\t\t<div class=\"elementor-element elementor-element-8d03561 elementor-widget elementor-widget-image\" data-id=\"8d03561\" data-element_type=\"widget\" data-e-type=\"widget\" data-widget_type=\"image.default\">\n\t\t\t\t<div class=\"elementor-widget-container\">\n\t\t\t\t\t\t\t\t\t\t\t\t<figure class=\"wp-caption\">\n\t\t\t\t\t\t\t\t\t\t\t<a href=\"https:\/\/www.clementlunetier.com\/wp-content\/uploads\/2024\/10\/SOREN.29.ACJ_.DM_.2.jpg\" data-elementor-open-lightbox=\"yes\" data-elementor-lightbox-title=\"SOREN.29.ACJ.DM.2\" data-e-action-hash=\"#elementor-action%3Aaction%3Dlightbox%26settings%3DeyJpZCI6OTgyMSwidXJsIjoiaHR0cHM6XC9cL3d3dy5jbGVtZW50bHVuZXRpZXIuY29tXC93cC1jb250ZW50XC91cGxvYWRzXC8yMDI0XC8xMFwvU09SRU4uMjkuQUNKXy5ETV8uMi5qcGcifQ%3D%3D\">\n\t\t\t\t\t\t\t<img loading=\"lazy\" decoding=\"async\" width=\"1200\" height=\"1200\" src=\"https:\/\/www.clementlunetier.com\/wp-content\/uploads\/2024\/10\/SOREN.29.ACJ_.DM_.2-1200x1200.jpg\" class=\"attachment-large size-large wp-image-9821\" alt=\"\" srcset=\"https:\/\/www.clementlunetier.com\/wp-content\/uploads\/2024\/10\/SOREN.29.ACJ_.DM_.2-1200x1200.jpg 1200w, https:\/\/www.clementlunetier.com\/wp-content\/uploads\/2024\/10\/SOREN.29.ACJ_.DM_.2-600x600.jpg 600w, https:\/\/www.clementlunetier.com\/wp-content\/uploads\/2024\/10\/SOREN.29.ACJ_.DM_.2-300x300.jpg 300w, https:\/\/www.clementlunetier.com\/wp-content\/uploads\/2024\/10\/SOREN.29.ACJ_.DM_.2-768x768.jpg 768w, https:\/\/www.clementlunetier.com\/wp-content\/uploads\/2024\/10\/SOREN.29.ACJ_.DM_.2-1536x1536.jpg 1536w, https:\/\/www.clementlunetier.com\/wp-content\/uploads\/2024\/10\/SOREN.29.ACJ_.DM_.2-12x12.jpg 12w, https:\/\/www.clementlunetier.com\/wp-content\/uploads\/2024\/10\/SOREN.29.ACJ_.DM_.2-500x500.jpg 500w, https:\/\/www.clementlunetier.com\/wp-content\/uploads\/2024\/10\/SOREN.29.ACJ_.DM_.2-1100x1099.jpg 1100w, https:\/\/www.clementlunetier.com\/wp-content\/uploads\/2024\/10\/SOREN.29.ACJ_.DM_.2-124x124.jpg 124w, https:\/\/www.clementlunetier.com\/wp-content\/uploads\/2024\/10\/SOREN.29.ACJ_.DM_.2.jpg 1886w\" sizes=\"(max-width: 1200px) 100vw, 1200px\" \/>\t\t\t\t\t\t\t\t<\/a>\n\t\t\t\t\t\t\t\t\t\t\t<figcaption class=\"widget-image-caption wp-caption-text\">SOREN<\/figcaption>\n\t\t\t\t\t\t\t\t\t\t<\/figure>\n\t\t\t\t\t\t\t\t\t<\/div>\n\t\t\t\t<\/div>\n\t\t\t\t<\/div>\n\t\t<div class=\"elementor-element elementor-element-00c0447 e-con-full e-flex e-con e-child\" data-id=\"00c0447\" data-element_type=\"container\" data-e-type=\"container\">\n\t\t\t\t<\/div>\n\t\t<div class=\"elementor-element elementor-element-a64e6ef e-con-full e-flex e-con e-child\" data-id=\"a64e6ef\" data-element_type=\"container\" data-e-type=\"container\">\n\t\t\t\t<\/div>\n\t\t\t\t\t<\/div>\n\t\t\t\t<\/div>\n\t\t\t\t<\/div>","protected":false},"excerpt":{"rendered":"<p>DUALISM Le concept DUALISM associe m\u00e9lamin\u00e9 et bois pour cr\u00e9er une symphonie visuelle unique, avec des montures \u00e9paisses con\u00e7ues pour les femmes. Ces montures incarnent une dualit\u00e9 subtile, m\u00ealant force et \u00e9l\u00e9gance. Elles offrent une simplicit\u00e9 sophistiqu\u00e9e et un \u00e9quilibre entre modernit\u00e9 et tradition. AIDEN ARIA THALIA SOREN<\/p>","protected":false},"author":2,"featured_media":0,"parent":0,"menu_order":0,"comment_status":"closed","ping_status":"closed","template":"","meta":{"site-sidebar-layout":"no-sidebar","site-content-layout":"plain-container","ast-site-content-layout":"normal-width-container","site-content-style":"unboxed","site-sidebar-style":"unboxed","ast-global-header-display":"","ast-banner-title-visibility":"","ast-main-header-display":"","ast-hfb-above-header-display":"","ast-hfb-below-header-display":"","ast-hfb-mobile-header-display":"","site-post-title":"disabled","ast-breadcrumbs-content":"","ast-featured-img":"disabled","footer-sml-layout":"","ast-disable-related-posts":"","theme-transparent-header-meta":"default","adv-header-id-meta":"","stick-header-meta":"","header-above-stick-meta":"","header-main-stick-meta":"","header-below-stick-meta":"","astra-migrate-meta-layouts":"set","ast-page-background-enabled":"default","ast-page-background-meta":{"desktop":{"background-color":"","background-image":"","background-repeat":"repeat","background-position":"center center","background-size":"auto","background-attachment":"scroll","background-type":"","background-media":"","overlay-type":"","overlay-color":"","overlay-opacity":"","overlay-gradient":""},"tablet":{"background-color":"","background-image":"","background-repeat":"repeat","background-position":"center center","background-size":"auto","background-attachment":"scroll","background-type":"","background-media":"","overlay-type":"","overlay-color":"","overlay-opacity":"","overlay-gradient":""},"mobile":{"background-color":"","background-image":"","background-repeat":"repeat","background-position":"center center","background-size":"auto","background-attachment":"scroll","background-type":"","background-media":"","overlay-type":"","overlay-color":"","overlay-opacity":"","overlay-gradient":""}},"ast-content-background-meta":{"desktop":{"background-color":"var(--ast-global-color-5)","background-image":"","background-repeat":"repeat","background-position":"center center","background-size":"auto","background-attachment":"scroll","background-type":"","background-media":"","overlay-type":"","overlay-color":"","overlay-opacity":"","overlay-gradient":""},"tablet":{"background-color":"var(--ast-global-color-5)","background-image":"","background-repeat":"repeat","background-position":"center center","background-size":"auto","background-attachment":"scroll","background-type":"","background-media":"","overlay-type":"","overlay-color":"","overlay-opacity":"","overlay-gradient":""},"mobile":{"background-color":"var(--ast-global-color-5)","background-image":"","background-repeat":"repeat","background-position":"center center","background-size":"auto","background-attachment":"scroll","background-type":"","background-media":"","overlay-type":"","overlay-color":"","overlay-opacity":"","overlay-gradient":""}},"footnotes":""},"class_list":["post-10015","page","type-page","status-publish","hentry"],"_links":{"self":[{"href":"https:\/\/www.clementlunetier.com\/en\/wp-json\/wp\/v2\/pages\/10015","targetHints":{"allow":["GET"]}}],"collection":[{"href":"https:\/\/www.clementlunetier.com\/en\/wp-json\/wp\/v2\/pages"}],"about":[{"href":"https:\/\/www.clementlunetier.com\/en\/wp-json\/wp\/v2\/types\/page"}],"author":[{"embeddable":true,"href":"https:\/\/www.clementlunetier.com\/en\/wp-json\/wp\/v2\/users\/2"}],"replies":[{"embeddable":true,"href":"https:\/\/www.clementlunetier.com\/en\/wp-json\/wp\/v2\/comments?post=10015"}],"version-history":[{"count":3,"href":"https:\/\/www.clementlunetier.com\/en\/wp-json\/wp\/v2\/pages\/10015\/revisions"}],"predecessor-version":[{"id":10018,"href":"https:\/\/www.clementlunetier.com\/en\/wp-json\/wp\/v2\/pages\/10015\/revisions\/10018"}],"wp:attachment":[{"href":"https:\/\/www.clementlunetier.com\/en\/wp-json\/wp\/v2\/media?parent=10015"}],"curies":[{"name":"wp","href":"https:\/\/api.w.org\/{rel}","templated":true}]}}