{"id":1010,"date":"2017-10-23T14:53:06","date_gmt":"2017-10-23T12:53:06","guid":{"rendered":"https:\/\/www.clementlunetier.com\/?page_id=1010"},"modified":"2021-04-26T10:33:10","modified_gmt":"2021-04-26T08:33:10","slug":"mentions-legales","status":"publish","type":"page","link":"https:\/\/www.clementlunetier.com\/en\/mentions-legales\/","title":{"rendered":"Legal notice"},"content":{"rendered":"<div data-elementor-type=\"wp-page\" data-elementor-id=\"1010\" class=\"elementor elementor-1010\" data-elementor-post-type=\"page\">\n\t\t\t\t\t\t<section class=\"elementor-section elementor-top-section elementor-element elementor-element-e8deda2 titreH1 elementor-section-boxed elementor-section-height-default elementor-section-height-default\" data-id=\"e8deda2\" data-element_type=\"section\" data-e-type=\"section\">\n\t\t\t\t\t\t<div class=\"elementor-container elementor-column-gap-default\">\n\t\t\t\t\t<div class=\"elementor-column elementor-col-100 elementor-top-column elementor-element elementor-element-aeac3ad\" data-id=\"aeac3ad\" data-element_type=\"column\" data-e-type=\"column\">\n\t\t\t<div class=\"elementor-widget-wrap elementor-element-populated\">\n\t\t\t\t\t\t<div class=\"elementor-element elementor-element-94c8fd7 elementor-widget elementor-widget-heading\" data-id=\"94c8fd7\" data-element_type=\"widget\" data-e-type=\"widget\" data-widget_type=\"heading.default\">\n\t\t\t\t<div class=\"elementor-widget-container\">\n\t\t\t\t\t<h1 class=\"elementor-heading-title elementor-size-default\">Legal notice<\/h1>\t\t\t\t<\/div>\n\t\t\t\t<\/div>\n\t\t\t\t\t<\/div>\n\t\t<\/div>\n\t\t\t\t\t<\/div>\n\t\t<\/section>\n\t\t\t\t<section class=\"elementor-section elementor-top-section elementor-element elementor-element-3071683 elementor-section-boxed elementor-section-height-default elementor-section-height-default\" data-id=\"3071683\" data-element_type=\"section\" data-e-type=\"section\">\n\t\t\t\t\t\t<div class=\"elementor-container elementor-column-gap-default\">\n\t\t\t\t\t<div class=\"elementor-column elementor-col-33 elementor-top-column elementor-element elementor-element-a86cb60\" data-id=\"a86cb60\" data-element_type=\"column\" data-e-type=\"column\">\n\t\t\t<div class=\"elementor-widget-wrap elementor-element-populated\">\n\t\t\t\t\t\t<div class=\"elementor-element elementor-element-514bf3d elementor-widget elementor-widget-text-editor\" data-id=\"514bf3d\" data-element_type=\"widget\" data-e-type=\"widget\" data-widget_type=\"text-editor.default\">\n\t\t\t\t<div class=\"elementor-widget-container\">\n\t\t\t\t\t\t\t\t\t<h3>\u00c9diteur du site<\/h3><p>SARL DIIF<br \/>10 rue Jean monnet<br \/>67201 Eckbolsheim<br \/>T\u00e9l.: <a href=\"tel:+33688945186\">+33(0) 6 49 31 90 68<\/a><br \/>Email: <a href=\"mailto:contact@clementlunetier.com\">contact@clementlunetier.com<\/a><\/p><h3>H\u00e9bergement<\/h3><p>OVH<br \/>2 rue Kellermann, 59 100 Roubaix, France<\/p><h3>Cr\u00e9ation et r\u00e9alisation<\/h3><p><a href=\"https:\/\/www.i-za.net\/\" target=\"_blank\" rel=\"noopener\">www.i-za.net<\/a><\/p>\t\t\t\t\t\t\t\t<\/div>\n\t\t\t\t<\/div>\n\t\t\t\t\t<\/div>\n\t\t<\/div>\n\t\t\t\t<div class=\"elementor-column elementor-col-66 elementor-top-column elementor-element elementor-element-8f00d93\" data-id=\"8f00d93\" data-element_type=\"column\" data-e-type=\"column\">\n\t\t\t<div class=\"elementor-widget-wrap elementor-element-populated\">\n\t\t\t\t\t\t<div class=\"elementor-element elementor-element-ff541b9 elementor-widget elementor-widget-text-editor\" data-id=\"ff541b9\" data-element_type=\"widget\" data-e-type=\"widget\" data-widget_type=\"text-editor.default\">\n\t\t\t\t<div class=\"elementor-widget-container\">\n\t\t\t\t\t\t\t\t\t<h3>Information relative aux donn\u00e9es \u00e0 caract\u00e8re personnel<\/h3><p>En application de la loi n\u00ba 78-17 du 6 janvier 1978 relative \u00e0 l\u2019informatique, aux fichiers et aux libert\u00e9s, vous disposez des droits d\u2019opposition (art. 26 de la loi), d\u2019acc\u00e8s (art. 34 \u00e0 38 de la loi) et de rectification (art. 36 de la loi) des donn\u00e9es vous concernant. Vous pouvez, \u00e0 tout moment, demander \u00e0 exercer ce droit en contactant la soci\u00e9t\u00e9 Cl\u00e9ment Lunetier aux coordonn\u00e9es suivantes :<br \/>SARL DIIF<br \/>10 rue Jean monnet<br \/>67201 Eckbolsheim<br \/>T\u00e9l.: <a href=\"tel:+33688945186\">+33(0) 6 49 31 90 68<\/a><br \/>Email: <a href=\"mailto:contact@clementlunetier.com\">contact@clementlunetier.com<\/a><\/p><h3>Droits d\u2019auteur \/ Copyright<\/h3><p>Les marques et logos figurant sur ce site sont des marques d\u00e9pos\u00e9es par la soci\u00e9t\u00e9 DIIF. Aucune licence ni droit d\u2019utilisation ne sauraient \u00eatre attribu\u00e9s sur l\u2019une quelconque desdites marques ou logos figurant sur le site, qui ne peuvent donc \u00eatre utilis\u00e9s sans le consentement pr\u00e9alable et \u00e9crit du propri\u00e9taire.<br \/>La soci\u00e9t\u00e9 DIIF se r\u00e9serve le droit de poursuivre tout acte de contrefa\u00e7on de ses droits de propri\u00e9t\u00e9 intellectuelle, y compris dans le cadre d\u2019une action p\u00e9nale.<br \/>La reproduction de tous documents publi\u00e9s sur le site n\u2019est autoris\u00e9e qu\u2019\u00e0 des fins d\u2019information \u00e0 titre exclusivement priv\u00e9. Toute autre utilisation de ces reproductions et notamment l\u2019utilisation \u00e0 des fins commerciales est express\u00e9ment interdite, sauf accord pr\u00e9alable et \u00e9crit de la soci\u00e9t\u00e9 DIIF.<br \/>La soci\u00e9t\u00e9 DIIF se r\u00e9serve les droits exclusifs concernant l\u2019utilisation et la reproduction, sous quelque forme que ce soit, de ses marques et logos sur Internet ou tout autre support \u00e9lectronique. L\u2019utilisation sous toutes ses formes, y compris par voie de syst\u00e8me de r\u00e9f\u00e9rencement, ainsi que la reproduction de ses marques et logos sur Internet, est soumise \u00e0 l\u2019autorisation \u00e9crite et pr\u00e9alable de la soci\u00e9t\u00e9 DIIF.<\/p><h3>Acc\u00e8s au site<\/h3><p>La soci\u00e9t\u00e9 DIIF se r\u00e9serve le droit de modifier, de r\u00e9silier, de suspendre ou d\u2019interrompre a tout moment, pour toutes raisons et a sa seule discr\u00e9tion, l\u2019acc\u00e8s a tout ou partie du site, y compris notamment le contenu, les fonctionnalit\u00e9s ou les heures de disponibilit\u00e9 sans avis pr\u00e9alable.<\/p>\t\t\t\t\t\t\t\t<\/div>\n\t\t\t\t<\/div>\n\t\t\t\t\t<\/div>\n\t\t<\/div>\n\t\t\t\t\t<\/div>\n\t\t<\/section>\n\t\t\t\t<\/div>","protected":false},"excerpt":{"rendered":"<p>Mentions l\u00e9gales \u00c9diteur du site SARL DIIF 10 rue Jean monnet 67201 Eckbolsheim T\u00e9l.: +33(0) 6 49 31 90 68 Email: contact@clementlunetier.com H\u00e9bergement OVH 2 rue Kellermann, 59 100 Roubaix, France Cr\u00e9ation et r\u00e9alisation www.i-za.net Information relative aux donn\u00e9es \u00e0 caract\u00e8re personnel En application de la loi n\u00ba 78-17 du 6 janvier 1978 relative \u00e0 [&hellip;]<\/p>\n","protected":false},"author":2,"featured_media":0,"parent":0,"menu_order":0,"comment_status":"closed","ping_status":"closed","template":"elementor_header_footer","meta":{"site-sidebar-layout":"no-sidebar","site-content-layout":"default","ast-site-content-layout":"default","site-content-style":"default","site-sidebar-style":"default","ast-global-header-display":"","ast-banner-title-visibility":"","ast-main-header-display":"","ast-hfb-above-header-display":"","ast-hfb-below-header-display":"","ast-hfb-mobile-header-display":"","site-post-title":"disabled","ast-breadcrumbs-content":"","ast-featured-img":"disabled","footer-sml-layout":"","ast-disable-related-posts":"","theme-transparent-header-meta":"default","adv-header-id-meta":"","stick-header-meta":"","header-above-stick-meta":"","header-main-stick-meta":"","header-below-stick-meta":"","astra-migrate-meta-layouts":"default","ast-page-background-enabled":"default","ast-page-background-meta":{"desktop":{"background-color":"","background-image":"","background-repeat":"repeat","background-position":"center center","background-size":"auto","background-attachment":"scroll","background-type":"","background-media":"","overlay-type":"","overlay-color":"","overlay-opacity":"","overlay-gradient":""},"tablet":{"background-color":"","background-image":"","background-repeat":"repeat","background-position":"center center","background-size":"auto","background-attachment":"scroll","background-type":"","background-media":"","overlay-type":"","overlay-color":"","overlay-opacity":"","overlay-gradient":""},"mobile":{"background-color":"","background-image":"","background-repeat":"repeat","background-position":"center center","background-size":"auto","background-attachment":"scroll","background-type":"","background-media":"","overlay-type":"","overlay-color":"","overlay-opacity":"","overlay-gradient":""}},"ast-content-background-meta":{"desktop":{"background-color":"var(--ast-global-color-5)","background-image":"","background-repeat":"repeat","background-position":"center center","background-size":"auto","background-attachment":"scroll","background-type":"","background-media":"","overlay-type":"","overlay-color":"","overlay-opacity":"","overlay-gradient":""},"tablet":{"background-color":"var(--ast-global-color-5)","background-image":"","background-repeat":"repeat","background-position":"center center","background-size":"auto","background-attachment":"scroll","background-type":"","background-media":"","overlay-type":"","overlay-color":"","overlay-opacity":"","overlay-gradient":""},"mobile":{"background-color":"var(--ast-global-color-5)","background-image":"","background-repeat":"repeat","background-position":"center center","background-size":"auto","background-attachment":"scroll","background-type":"","background-media":"","overlay-type":"","overlay-color":"","overlay-opacity":"","overlay-gradient":""}},"footnotes":""},"class_list":["post-1010","page","type-page","status-publish","hentry"],"_links":{"self":[{"href":"https:\/\/www.clementlunetier.com\/en\/wp-json\/wp\/v2\/pages\/1010","targetHints":{"allow":["GET"]}}],"collection":[{"href":"https:\/\/www.clementlunetier.com\/en\/wp-json\/wp\/v2\/pages"}],"about":[{"href":"https:\/\/www.clementlunetier.com\/en\/wp-json\/wp\/v2\/types\/page"}],"author":[{"embeddable":true,"href":"https:\/\/www.clementlunetier.com\/en\/wp-json\/wp\/v2\/users\/2"}],"replies":[{"embeddable":true,"href":"https:\/\/www.clementlunetier.com\/en\/wp-json\/wp\/v2\/comments?post=1010"}],"version-history":[{"count":0,"href":"https:\/\/www.clementlunetier.com\/en\/wp-json\/wp\/v2\/pages\/1010\/revisions"}],"wp:attachment":[{"href":"https:\/\/www.clementlunetier.com\/en\/wp-json\/wp\/v2\/media?parent=1010"}],"curies":[{"name":"wp","href":"https:\/\/api.w.org\/{rel}","templated":true}]}}