{"id":1797,"date":"2019-02-27T11:57:15","date_gmt":"2019-02-27T10:57:15","guid":{"rendered":"https:\/\/www.clementlunetier.com\/?page_id=1797"},"modified":"2023-11-06T17:33:59","modified_gmt":"2023-11-06T16:33:59","slug":"perso-pro","status":"publish","type":"page","link":"https:\/\/www.clementlunetier.com\/en\/perso-pro\/","title":{"rendered":"PERSONNALISATION &#8211; Espace Pro"},"content":{"rendered":"<div data-elementor-type=\"wp-page\" data-elementor-id=\"1797\" class=\"elementor elementor-1797\" data-elementor-post-type=\"page\">\n\t\t\t\t\t\t<section class=\"elementor-section elementor-top-section elementor-element elementor-element-33f01b2 elementor-section-boxed elementor-section-height-default elementor-section-height-default\" data-id=\"33f01b2\" data-element_type=\"section\" data-e-type=\"section\">\n\t\t\t\t\t\t<div class=\"elementor-container elementor-column-gap-default\">\n\t\t\t\t\t<div class=\"elementor-column elementor-col-100 elementor-top-column elementor-element elementor-element-b8a204f\" data-id=\"b8a204f\" data-element_type=\"column\" data-e-type=\"column\">\n\t\t\t<div class=\"elementor-widget-wrap elementor-element-populated\">\n\t\t\t\t\t\t<div class=\"elementor-element elementor-element-801049f elementor-widget elementor-widget-heading\" data-id=\"801049f\" data-element_type=\"widget\" data-e-type=\"widget\" data-widget_type=\"heading.default\">\n\t\t\t\t<div class=\"elementor-widget-container\">\n\t\t\t\t\t<h1 class=\"elementor-heading-title elementor-size-default\"><a href=\"https:\/\/www.clementlunetier.com\/en\/espace-pros\/\">PROFESIONAL SPACE<\/a><\/h1>\t\t\t\t<\/div>\n\t\t\t\t<\/div>\n\t\t\t\t\t<\/div>\n\t\t<\/div>\n\t\t\t\t\t<\/div>\n\t\t<\/section>\n\t\t\t\t<section class=\"elementor-section elementor-top-section elementor-element elementor-element-074958e elementor-section-boxed elementor-section-height-default elementor-section-height-default\" data-id=\"074958e\" data-element_type=\"section\" data-e-type=\"section\">\n\t\t\t\t\t\t<div class=\"elementor-container elementor-column-gap-default\">\n\t\t\t\t\t<div class=\"elementor-column elementor-col-100 elementor-top-column elementor-element elementor-element-a454cd0\" data-id=\"a454cd0\" data-element_type=\"column\" data-e-type=\"column\">\n\t\t\t<div class=\"elementor-widget-wrap elementor-element-populated\">\n\t\t\t\t\t\t<div class=\"elementor-element elementor-element-5782ce3 elementor-widget elementor-widget-heading\" data-id=\"5782ce3\" data-element_type=\"widget\" data-e-type=\"widget\" data-widget_type=\"heading.default\">\n\t\t\t\t<div class=\"elementor-widget-container\">\n\t\t\t\t\t<h2 class=\"elementor-heading-title elementor-size-default\">Customization<\/h2>\t\t\t\t<\/div>\n\t\t\t\t<\/div>\n\t\t\t\t\t<\/div>\n\t\t<\/div>\n\t\t\t\t\t<\/div>\n\t\t<\/section>\n\t\t\t\t<section class=\"elementor-section elementor-top-section elementor-element elementor-element-c4ce733 elementor-section-boxed elementor-section-height-default elementor-section-height-default\" data-id=\"c4ce733\" data-element_type=\"section\" data-e-type=\"section\">\n\t\t\t\t\t\t<div class=\"elementor-container elementor-column-gap-default\">\n\t\t\t\t\t<div class=\"elementor-column elementor-col-100 elementor-top-column elementor-element elementor-element-c7e11db\" data-id=\"c7e11db\" data-element_type=\"column\" data-e-type=\"column\">\n\t\t\t<div class=\"elementor-widget-wrap elementor-element-populated\">\n\t\t\t\t\t\t<div class=\"elementor-element elementor-element-a4c6bce elementor-widget elementor-widget-image\" data-id=\"a4c6bce\" data-element_type=\"widget\" data-e-type=\"widget\" data-widget_type=\"image.default\">\n\t\t\t\t<div class=\"elementor-widget-container\">\n\t\t\t\t\t\t\t\t\t\t\t\t\t\t\t<img fetchpriority=\"high\" decoding=\"async\" width=\"450\" height=\"600\" src=\"https:\/\/www.clementlunetier.com\/wp-content\/uploads\/2022\/08\/LUCIDE.illu_-450x600.jpg\" class=\"attachment-medium size-medium wp-image-8290\" alt=\"\" srcset=\"https:\/\/www.clementlunetier.com\/wp-content\/uploads\/2022\/08\/LUCIDE.illu_-450x600.jpg 450w, https:\/\/www.clementlunetier.com\/wp-content\/uploads\/2022\/08\/LUCIDE.illu_-9x12.jpg 9w, https:\/\/www.clementlunetier.com\/wp-content\/uploads\/2022\/08\/LUCIDE.illu_-500x667.jpg 500w, https:\/\/www.clementlunetier.com\/wp-content\/uploads\/2022\/08\/LUCIDE.illu_-93x124.jpg 93w, https:\/\/www.clementlunetier.com\/wp-content\/uploads\/2022\/08\/LUCIDE.illu_.jpg 768w\" sizes=\"(max-width: 450px) 100vw, 450px\" \/>\t\t\t\t\t\t\t\t\t\t\t\t\t\t\t<\/div>\n\t\t\t\t<\/div>\n\t\t\t\t<div class=\"elementor-element elementor-element-750665a elementor-widget elementor-widget-text-editor\" data-id=\"750665a\" data-element_type=\"widget\" data-e-type=\"widget\" data-widget_type=\"text-editor.default\">\n\t\t\t\t<div class=\"elementor-widget-container\">\n\t\t\t\t\t\t\t\t\t<p>To place an order for custom frames, please follow these steps:<\/p><ul><li>shape selection<\/li><li>colors \/ materials selection<\/li><li>colors of temples selection<\/li><li>Dimensional adjustments if necessary (by + or - X mm)<\/li><li>attach a photo if there is a special distribution<\/li><li>engraving choice (inner side, up to 4 characters)<\/li><li>Sending the order by email <a href=\"https:\/\/www.clementlunetier.com\/en\/espace-pros\/\"><strong>: <\/strong><\/a>order@clementlunetier.com<\/li><\/ul><p>Note:<\/p><ul><li>SIZE: When you select a modification of dimension A only, we perform a proportional enlargement or reduction. <strong>! <\/strong>If you do not want any modifications to dimension B <strong>,<\/strong> please note <strong>B =<\/strong> Or specify the modification to dimension<\/li><\/ul><div>.\u00a0<\/div><div>\u00a0<\/div><ul><li>\u00a0-\u00a0<\/li><li>-\u00a0<\/li><li>-\u00a0<\/li><li>-\u00a0<\/li><\/ul><div>\u00a0<\/div><p>\u00a0<\/p>\t\t\t\t\t\t\t\t<\/div>\n\t\t\t\t<\/div>\n\t\t\t\t\t<\/div>\n\t\t<\/div>\n\t\t\t\t\t<\/div>\n\t\t<\/section>\n\t\t\t\t<section class=\"elementor-section elementor-top-section elementor-element elementor-element-64baefa elementor-section-boxed elementor-section-height-default elementor-section-height-default\" data-id=\"64baefa\" data-element_type=\"section\" data-e-type=\"section\">\n\t\t\t\t\t\t<div class=\"elementor-container elementor-column-gap-default\">\n\t\t\t\t\t<div class=\"elementor-column elementor-col-100 elementor-top-column elementor-element elementor-element-fe3c771\" data-id=\"fe3c771\" data-element_type=\"column\" data-e-type=\"column\">\n\t\t\t<div class=\"elementor-widget-wrap elementor-element-populated\">\n\t\t\t\t\t\t<div class=\"elementor-element elementor-element-a89cc86 elementor-widget-divider--view-line elementor-widget elementor-widget-divider\" data-id=\"a89cc86\" data-element_type=\"widget\" data-e-type=\"widget\" data-widget_type=\"divider.default\">\n\t\t\t\t<div class=\"elementor-widget-container\">\n\t\t\t\t\t\t\t<div class=\"elementor-divider\">\n\t\t\t<span class=\"elementor-divider-separator\">\n\t\t\t\t\t\t<\/span>\n\t\t<\/div>\n\t\t\t\t\t\t<\/div>\n\t\t\t\t<\/div>\n\t\t\t\t\t<\/div>\n\t\t<\/div>\n\t\t\t\t\t<\/div>\n\t\t<\/section>\n\t\t\t\t<section class=\"elementor-section elementor-top-section elementor-element elementor-element-ebcd81b elementor-section-boxed elementor-section-height-default elementor-section-height-default\" data-id=\"ebcd81b\" data-element_type=\"section\" data-e-type=\"section\">\n\t\t\t\t\t\t<div class=\"elementor-container elementor-column-gap-default\">\n\t\t\t\t\t<div class=\"elementor-column elementor-col-100 elementor-top-column elementor-element elementor-element-664aeec\" data-id=\"664aeec\" data-element_type=\"column\" data-e-type=\"column\">\n\t\t\t<div class=\"elementor-widget-wrap elementor-element-populated\">\n\t\t\t\t\t\t<div class=\"elementor-element elementor-element-7e7fa7e elementor-widget elementor-widget-image\" data-id=\"7e7fa7e\" data-element_type=\"widget\" data-e-type=\"widget\" data-widget_type=\"image.default\">\n\t\t\t\t<div class=\"elementor-widget-container\">\n\t\t\t\t\t\t\t\t\t\t\t\t\t\t\t<img decoding=\"async\" src=\"https:\/\/www.clementlunetier.com\/wp-content\/uploads\/2021\/11\/testformes.jpg\" title=\"\" alt=\"\" loading=\"lazy\" \/>\t\t\t\t\t\t\t\t\t\t\t\t\t\t\t<\/div>\n\t\t\t\t<\/div>\n\t\t\t\t\t<\/div>\n\t\t<\/div>\n\t\t\t\t\t<\/div>\n\t\t<\/section>\n\t\t\t\t<section class=\"elementor-section elementor-top-section elementor-element elementor-element-dafb830 elementor-section-boxed elementor-section-height-default elementor-section-height-default\" data-id=\"dafb830\" data-element_type=\"section\" data-e-type=\"section\">\n\t\t\t\t\t\t<div class=\"elementor-container elementor-column-gap-default\">\n\t\t\t\t\t<div class=\"elementor-column elementor-col-100 elementor-top-column elementor-element elementor-element-b129dbc\" data-id=\"b129dbc\" data-element_type=\"column\" data-e-type=\"column\">\n\t\t\t<div class=\"elementor-widget-wrap elementor-element-populated\">\n\t\t\t\t\t\t<div class=\"elementor-element elementor-element-34905eb elementor-widget elementor-widget-image\" data-id=\"34905eb\" data-element_type=\"widget\" data-e-type=\"widget\" data-widget_type=\"image.default\">\n\t\t\t\t<div class=\"elementor-widget-container\">\n\t\t\t\t\t\t\t\t\t\t\t\t\t\t\t<img decoding=\"async\" width=\"768\" height=\"543\" src=\"https:\/\/www.clementlunetier.com\/wp-content\/uploads\/2023\/11\/homo.EN_-scaled.jpg\" class=\"attachment-medium_large size-medium_large wp-image-8334\" alt=\"\" srcset=\"https:\/\/www.clementlunetier.com\/wp-content\/uploads\/2023\/11\/homo.EN_-scaled.jpg 2560w, https:\/\/www.clementlunetier.com\/wp-content\/uploads\/2023\/11\/homo.EN_-600x424.jpg 600w, https:\/\/www.clementlunetier.com\/wp-content\/uploads\/2023\/11\/homo.EN_-1200x848.jpg 1200w, https:\/\/www.clementlunetier.com\/wp-content\/uploads\/2023\/11\/homo.EN_-768x543.jpg 768w, https:\/\/www.clementlunetier.com\/wp-content\/uploads\/2023\/11\/homo.EN_-1536x1086.jpg 1536w, https:\/\/www.clementlunetier.com\/wp-content\/uploads\/2023\/11\/homo.EN_-2048x1448.jpg 2048w, https:\/\/www.clementlunetier.com\/wp-content\/uploads\/2023\/11\/homo.EN_-18x12.jpg 18w, https:\/\/www.clementlunetier.com\/wp-content\/uploads\/2023\/11\/homo.EN_-500x353.jpg 500w, https:\/\/www.clementlunetier.com\/wp-content\/uploads\/2023\/11\/homo.EN_-1100x778.jpg 1100w, https:\/\/www.clementlunetier.com\/wp-content\/uploads\/2023\/11\/homo.EN_-175x124.jpg 175w\" sizes=\"(max-width: 768px) 100vw, 768px\" \/>\t\t\t\t\t\t\t\t\t\t\t\t\t\t\t<\/div>\n\t\t\t\t<\/div>\n\t\t\t\t\t<\/div>\n\t\t<\/div>\n\t\t\t\t\t<\/div>\n\t\t<\/section>\n\t\t\t\t<section class=\"elementor-section elementor-top-section elementor-element elementor-element-7d8a983 elementor-section-boxed elementor-section-height-default elementor-section-height-default\" data-id=\"7d8a983\" data-element_type=\"section\" data-e-type=\"section\">\n\t\t\t\t\t\t<div class=\"elementor-container elementor-column-gap-default\">\n\t\t\t\t\t<div class=\"elementor-column elementor-col-100 elementor-top-column elementor-element elementor-element-d29f57a\" data-id=\"d29f57a\" data-element_type=\"column\" data-e-type=\"column\">\n\t\t\t<div class=\"elementor-widget-wrap elementor-element-populated\">\n\t\t\t\t\t\t<div class=\"elementor-element elementor-element-8bb9164 elementor-widget-divider--view-line elementor-widget elementor-widget-divider\" data-id=\"8bb9164\" data-element_type=\"widget\" data-e-type=\"widget\" data-widget_type=\"divider.default\">\n\t\t\t\t<div class=\"elementor-widget-container\">\n\t\t\t\t\t\t\t<div class=\"elementor-divider\">\n\t\t\t<span class=\"elementor-divider-separator\">\n\t\t\t\t\t\t<\/span>\n\t\t<\/div>\n\t\t\t\t\t\t<\/div>\n\t\t\t\t<\/div>\n\t\t\t\t\t<\/div>\n\t\t<\/div>\n\t\t\t\t\t<\/div>\n\t\t<\/section>\n\t\t\t\t<section class=\"elementor-section elementor-top-section elementor-element elementor-element-d3b1dc1 elementor-section-boxed elementor-section-height-default elementor-section-height-default\" data-id=\"d3b1dc1\" data-element_type=\"section\" data-e-type=\"section\">\n\t\t\t\t\t\t<div class=\"elementor-container elementor-column-gap-default\">\n\t\t\t\t\t<div class=\"elementor-column elementor-col-100 elementor-top-column elementor-element elementor-element-e82d40a\" data-id=\"e82d40a\" data-element_type=\"column\" data-e-type=\"column\">\n\t\t\t<div class=\"elementor-widget-wrap elementor-element-populated\">\n\t\t\t\t\t\t<div class=\"elementor-element elementor-element-c0100ff elementor-widget elementor-widget-image\" data-id=\"c0100ff\" data-element_type=\"widget\" data-e-type=\"widget\" data-widget_type=\"image.default\">\n\t\t\t\t<div class=\"elementor-widget-container\">\n\t\t\t\t\t\t\t\t\t\t\t\t\t\t\t<img decoding=\"async\" width=\"848\" height=\"1200\" src=\"https:\/\/www.clementlunetier.com\/wp-content\/uploads\/2023\/11\/Nuancier.couleur.oct23-848x1200.jpg\" class=\"attachment-large size-large wp-image-9084\" alt=\"\" srcset=\"https:\/\/www.clementlunetier.com\/wp-content\/uploads\/2023\/11\/Nuancier.couleur.oct23-848x1200.jpg 848w, https:\/\/www.clementlunetier.com\/wp-content\/uploads\/2023\/11\/Nuancier.couleur.oct23-424x600.jpg 424w, https:\/\/www.clementlunetier.com\/wp-content\/uploads\/2023\/11\/Nuancier.couleur.oct23-768x1086.jpg 768w, https:\/\/www.clementlunetier.com\/wp-content\/uploads\/2023\/11\/Nuancier.couleur.oct23-1086x1536.jpg 1086w, https:\/\/www.clementlunetier.com\/wp-content\/uploads\/2023\/11\/Nuancier.couleur.oct23-1448x2048.jpg 1448w, https:\/\/www.clementlunetier.com\/wp-content\/uploads\/2023\/11\/Nuancier.couleur.oct23-8x12.jpg 8w, https:\/\/www.clementlunetier.com\/wp-content\/uploads\/2023\/11\/Nuancier.couleur.oct23-500x707.jpg 500w, https:\/\/www.clementlunetier.com\/wp-content\/uploads\/2023\/11\/Nuancier.couleur.oct23-1100x1556.jpg 1100w, https:\/\/www.clementlunetier.com\/wp-content\/uploads\/2023\/11\/Nuancier.couleur.oct23-88x124.jpg 88w, https:\/\/www.clementlunetier.com\/wp-content\/uploads\/2023\/11\/Nuancier.couleur.oct23-scaled.jpg 1810w\" sizes=\"(max-width: 848px) 100vw, 848px\" \/>\t\t\t\t\t\t\t\t\t\t\t\t\t\t\t<\/div>\n\t\t\t\t<\/div>\n\t\t\t\t\t<\/div>\n\t\t<\/div>\n\t\t\t\t\t<\/div>\n\t\t<\/section>\n\t\t\t\t<section class=\"elementor-section elementor-top-section elementor-element elementor-element-6ffd15f elementor-section-boxed elementor-section-height-default elementor-section-height-default\" data-id=\"6ffd15f\" data-element_type=\"section\" data-e-type=\"section\">\n\t\t\t\t\t\t<div class=\"elementor-container elementor-column-gap-default\">\n\t\t\t\t\t<div class=\"elementor-column elementor-col-100 elementor-top-column elementor-element elementor-element-b41506f\" data-id=\"b41506f\" data-element_type=\"column\" data-e-type=\"column\">\n\t\t\t<div class=\"elementor-widget-wrap elementor-element-populated\">\n\t\t\t\t\t\t<div class=\"elementor-element elementor-element-6e55df6 elementor-widget-divider--view-line elementor-widget elementor-widget-divider\" data-id=\"6e55df6\" data-element_type=\"widget\" data-e-type=\"widget\" data-widget_type=\"divider.default\">\n\t\t\t\t<div class=\"elementor-widget-container\">\n\t\t\t\t\t\t\t<div class=\"elementor-divider\">\n\t\t\t<span class=\"elementor-divider-separator\">\n\t\t\t\t\t\t<\/span>\n\t\t<\/div>\n\t\t\t\t\t\t<\/div>\n\t\t\t\t<\/div>\n\t\t\t\t\t<\/div>\n\t\t<\/div>\n\t\t\t\t\t<\/div>\n\t\t<\/section>\n\t\t\t\t<section class=\"elementor-section elementor-top-section elementor-element elementor-element-15d39c4 elementor-section-boxed elementor-section-height-default elementor-section-height-default\" data-id=\"15d39c4\" data-element_type=\"section\" data-e-type=\"section\">\n\t\t\t\t\t\t<div class=\"elementor-container elementor-column-gap-default\">\n\t\t\t\t\t<div class=\"elementor-column elementor-col-100 elementor-top-column elementor-element elementor-element-968991f\" data-id=\"968991f\" data-element_type=\"column\" data-e-type=\"column\">\n\t\t\t<div class=\"elementor-widget-wrap elementor-element-populated\">\n\t\t\t\t\t\t<div class=\"elementor-element elementor-element-a9ac625 elementor-widget elementor-widget-image\" data-id=\"a9ac625\" data-element_type=\"widget\" data-e-type=\"widget\" data-widget_type=\"image.default\">\n\t\t\t\t<div class=\"elementor-widget-container\">\n\t\t\t\t\t\t\t\t\t\t\t\t\t\t\t<img loading=\"lazy\" decoding=\"async\" width=\"1200\" height=\"391\" src=\"https:\/\/www.clementlunetier.com\/wp-content\/uploads\/2021\/10\/colobranches-1200x391.jpg\" class=\"attachment-large size-large wp-image-6365\" alt=\"Couleurs des branches des montures - NM\/PM\/DM\/BM - noir palladium dor\u00e9 blanc\" srcset=\"https:\/\/www.clementlunetier.com\/wp-content\/uploads\/2021\/10\/colobranches-1200x391.jpg 1200w, https:\/\/www.clementlunetier.com\/wp-content\/uploads\/2021\/10\/colobranches-600x196.jpg 600w, https:\/\/www.clementlunetier.com\/wp-content\/uploads\/2021\/10\/colobranches-768x250.jpg 768w, https:\/\/www.clementlunetier.com\/wp-content\/uploads\/2021\/10\/colobranches-1536x501.jpg 1536w, https:\/\/www.clementlunetier.com\/wp-content\/uploads\/2021\/10\/colobranches-2048x668.jpg 2048w, https:\/\/www.clementlunetier.com\/wp-content\/uploads\/2021\/10\/colobranches-18x6.jpg 18w, https:\/\/www.clementlunetier.com\/wp-content\/uploads\/2021\/10\/colobranches-500x163.jpg 500w, https:\/\/www.clementlunetier.com\/wp-content\/uploads\/2021\/10\/colobranches-1100x359.jpg 1100w, https:\/\/www.clementlunetier.com\/wp-content\/uploads\/2021\/10\/colobranches-220x72.jpg 220w\" sizes=\"(max-width: 1200px) 100vw, 1200px\" \/>\t\t\t\t\t\t\t\t\t\t\t\t\t\t\t<\/div>\n\t\t\t\t<\/div>\n\t\t\t\t\t<\/div>\n\t\t<\/div>\n\t\t\t\t\t<\/div>\n\t\t<\/section>\n\t\t\t\t<section class=\"elementor-section elementor-top-section elementor-element elementor-element-0d1f399 elementor-section-boxed elementor-section-height-default elementor-section-height-default\" data-id=\"0d1f399\" data-element_type=\"section\" data-e-type=\"section\">\n\t\t\t\t\t\t<div class=\"elementor-container elementor-column-gap-default\">\n\t\t\t\t\t<div class=\"elementor-column elementor-col-100 elementor-top-column elementor-element elementor-element-704a59f\" data-id=\"704a59f\" data-element_type=\"column\" data-e-type=\"column\">\n\t\t\t<div class=\"elementor-widget-wrap elementor-element-populated\">\n\t\t\t\t\t\t<div class=\"elementor-element elementor-element-4b97ae3 elementor-widget-divider--view-line elementor-widget elementor-widget-divider\" data-id=\"4b97ae3\" data-element_type=\"widget\" data-e-type=\"widget\" data-widget_type=\"divider.default\">\n\t\t\t\t<div class=\"elementor-widget-container\">\n\t\t\t\t\t\t\t<div class=\"elementor-divider\">\n\t\t\t<span class=\"elementor-divider-separator\">\n\t\t\t\t\t\t<\/span>\n\t\t<\/div>\n\t\t\t\t\t\t<\/div>\n\t\t\t\t<\/div>\n\t\t\t\t\t<\/div>\n\t\t<\/div>\n\t\t\t\t\t<\/div>\n\t\t<\/section>\n\t\t\t\t<section class=\"elementor-section elementor-top-section elementor-element elementor-element-0166663 elementor-section-boxed elementor-section-height-default elementor-section-height-default\" data-id=\"0166663\" data-element_type=\"section\" data-e-type=\"section\">\n\t\t\t\t\t\t<div class=\"elementor-container elementor-column-gap-default\">\n\t\t\t\t\t<div class=\"elementor-column elementor-col-100 elementor-top-column elementor-element elementor-element-405639f\" data-id=\"405639f\" data-element_type=\"column\" data-e-type=\"column\">\n\t\t\t<div class=\"elementor-widget-wrap elementor-element-populated\">\n\t\t\t\t\t\t<div class=\"elementor-element elementor-element-83d3c18 elementor-widget elementor-widget-text-editor\" data-id=\"83d3c18\" data-element_type=\"widget\" data-e-type=\"widget\" data-widget_type=\"text-editor.default\">\n\t\t\t\t<div class=\"elementor-widget-container\">\n\t\t\t\t\t\t\t\t\t<h3>We can assist you with your order<\/h3>\n<ul>\n<li>order service&nbsp;<a href=\"te:+33(0)388357471\">+33(0)3 88 35 74 71<\/a><\/li>\n<li>Design \/ communication service <a href=\"mailto:benjamin@clementlunetier.com\">benjamin@clementlunetier.com<\/a> ou&nbsp; <a href=\"te:+33(0)6 88 94 51 86\">+33(0)6 88 94 51 86<\/a><\/li>\n<li>email <a href=\"mailto:order@clementlunetier.com\">order@clementlunetier.com<\/a><\/li>\n<\/ul>\n<p>CLEMENT LUNETIER<br>SARL DIIF<br>10 rue Jean Monnet<br>67201 ECKBOLSHEIM<\/p>\t\t\t\t\t\t\t\t<\/div>\n\t\t\t\t<\/div>\n\t\t\t\t\t<\/div>\n\t\t<\/div>\n\t\t\t\t\t<\/div>\n\t\t<\/section>\n\t\t\t\t<\/div>","protected":false},"excerpt":{"rendered":"<p>Espace pro Personnalisation Pour la commande de montures personnalis\u00e9es veuillez proc\u00e9der de la mani\u00e8re suivante: choix de forme choix de couleurs \/ mati\u00e8res choix de la couleur des branches modifications des c\u00f4tes si n\u00e9cessaire (en + ou &#8211; X mm) joindre une photo si r\u00e9partition sp\u00e9ciale choix de la gravure (face interne, 4 caract\u00e8res max) [&hellip;]<\/p>\n","protected":false},"author":2,"featured_media":0,"parent":0,"menu_order":0,"comment_status":"closed","ping_status":"closed","template":"elementor_header_footer","meta":{"site-sidebar-layout":"no-sidebar","site-content-layout":"default","ast-site-content-layout":"default","site-content-style":"default","site-sidebar-style":"default","ast-global-header-display":"","ast-banner-title-visibility":"","ast-main-header-display":"","ast-hfb-above-header-display":"","ast-hfb-below-header-display":"","ast-hfb-mobile-header-display":"","site-post-title":"disabled","ast-breadcrumbs-content":"","ast-featured-img":"disabled","footer-sml-layout":"","ast-disable-related-posts":"","theme-transparent-header-meta":"default","adv-header-id-meta":"","stick-header-meta":"","header-above-stick-meta":"","header-main-stick-meta":"","header-below-stick-meta":"","astra-migrate-meta-layouts":"default","ast-page-background-enabled":"default","ast-page-background-meta":{"desktop":{"background-color":"","background-image":"","background-repeat":"repeat","background-position":"center center","background-size":"auto","background-attachment":"scroll","background-type":"","background-media":"","overlay-type":"","overlay-color":"","overlay-opacity":"","overlay-gradient":""},"tablet":{"background-color":"","background-image":"","background-repeat":"repeat","background-position":"center center","background-size":"auto","background-attachment":"scroll","background-type":"","background-media":"","overlay-type":"","overlay-color":"","overlay-opacity":"","overlay-gradient":""},"mobile":{"background-color":"","background-image":"","background-repeat":"repeat","background-position":"center center","background-size":"auto","background-attachment":"scroll","background-type":"","background-media":"","overlay-type":"","overlay-color":"","overlay-opacity":"","overlay-gradient":""}},"ast-content-background-meta":{"desktop":{"background-color":"var(--ast-global-color-5)","background-image":"","background-repeat":"repeat","background-position":"center center","background-size":"auto","background-attachment":"scroll","background-type":"","background-media":"","overlay-type":"","overlay-color":"","overlay-opacity":"","overlay-gradient":""},"tablet":{"background-color":"var(--ast-global-color-5)","background-image":"","background-repeat":"repeat","background-position":"center center","background-size":"auto","background-attachment":"scroll","background-type":"","background-media":"","overlay-type":"","overlay-color":"","overlay-opacity":"","overlay-gradient":""},"mobile":{"background-color":"var(--ast-global-color-5)","background-image":"","background-repeat":"repeat","background-position":"center center","background-size":"auto","background-attachment":"scroll","background-type":"","background-media":"","overlay-type":"","overlay-color":"","overlay-opacity":"","overlay-gradient":""}},"footnotes":""},"class_list":["post-1797","page","type-page","status-publish","hentry"],"_links":{"self":[{"href":"https:\/\/www.clementlunetier.com\/en\/wp-json\/wp\/v2\/pages\/1797","targetHints":{"allow":["GET"]}}],"collection":[{"href":"https:\/\/www.clementlunetier.com\/en\/wp-json\/wp\/v2\/pages"}],"about":[{"href":"https:\/\/www.clementlunetier.com\/en\/wp-json\/wp\/v2\/types\/page"}],"author":[{"embeddable":true,"href":"https:\/\/www.clementlunetier.com\/en\/wp-json\/wp\/v2\/users\/2"}],"replies":[{"embeddable":true,"href":"https:\/\/www.clementlunetier.com\/en\/wp-json\/wp\/v2\/comments?post=1797"}],"version-history":[{"count":6,"href":"https:\/\/www.clementlunetier.com\/en\/wp-json\/wp\/v2\/pages\/1797\/revisions"}],"predecessor-version":[{"id":9964,"href":"https:\/\/www.clementlunetier.com\/en\/wp-json\/wp\/v2\/pages\/1797\/revisions\/9964"}],"wp:attachment":[{"href":"https:\/\/www.clementlunetier.com\/en\/wp-json\/wp\/v2\/media?parent=1797"}],"curies":[{"name":"wp","href":"https:\/\/api.w.org\/{rel}","templated":true}]}}