{"id":214,"date":"2017-07-25T10:10:21","date_gmt":"2017-07-25T08:10:21","guid":{"rendered":"https:\/\/www.clementlunetier.com\/?page_id=214"},"modified":"2026-01-20T12:34:52","modified_gmt":"2026-01-20T11:34:52","slug":"about","status":"publish","type":"page","link":"https:\/\/www.clementlunetier.com\/en\/about\/","title":{"rendered":"ABOUT"},"content":{"rendered":"<div data-elementor-type=\"wp-page\" data-elementor-id=\"214\" class=\"elementor elementor-214\" data-elementor-post-type=\"page\">\n\t\t\t\t<div class=\"elementor-element elementor-element-b7013cd e-flex e-con-boxed e-con e-parent\" data-id=\"b7013cd\" data-element_type=\"container\" data-e-type=\"container\">\n\t\t\t\t\t<div class=\"e-con-inner\">\n\t\t\t\t<div class=\"elementor-element elementor-element-10c3f92 elementor-widget elementor-widget-woocommerce-breadcrumb\" data-id=\"10c3f92\" data-element_type=\"widget\" data-e-type=\"widget\" data-widget_type=\"woocommerce-breadcrumb.default\">\n\t\t\t\t<div class=\"elementor-widget-container\">\n\t\t\t\t\t<nav class=\"woocommerce-breadcrumb\" aria-label=\"Breadcrumb\" data-no-translation=\"\" data-trp-gettext=\"\">Home<\/nav>\t\t\t\t<\/div>\n\t\t\t\t<\/div>\n\t\t\t\t\t<\/div>\n\t\t\t\t<\/div>\n\t\t<div class=\"elementor-element elementor-element-db9976f e-flex e-con-boxed e-con e-parent\" data-id=\"db9976f\" data-element_type=\"container\" data-e-type=\"container\">\n\t\t\t\t\t<div class=\"e-con-inner\">\n\t\t\t\t<div class=\"elementor-element elementor-element-bd861ae elementor-widget elementor-widget-heading\" data-id=\"bd861ae\" data-element_type=\"widget\" data-e-type=\"widget\" data-widget_type=\"heading.default\">\n\t\t\t\t<div class=\"elementor-widget-container\">\n\t\t\t\t\t<h2 class=\"elementor-heading-title elementor-size-default\">ABOUT<\/h2>\t\t\t\t<\/div>\n\t\t\t\t<\/div>\n\t\t\t\t\t<\/div>\n\t\t\t\t<\/div>\n\t\t<div class=\"elementor-element elementor-element-546be21 e-flex e-con-boxed e-con e-parent\" data-id=\"546be21\" data-element_type=\"container\" data-e-type=\"container\">\n\t\t\t\t\t<div class=\"e-con-inner\">\n\t\t\t\t<div class=\"elementor-element elementor-element-8716896 elementor-widget elementor-widget-image\" data-id=\"8716896\" data-element_type=\"widget\" data-e-type=\"widget\" data-widget_type=\"image.default\">\n\t\t\t\t<div class=\"elementor-widget-container\">\n\t\t\t\t\t\t\t\t\t\t\t\t\t\t\t<img fetchpriority=\"high\" decoding=\"async\" width=\"1200\" height=\"649\" src=\"https:\/\/www.clementlunetier.com\/wp-content\/uploads\/2026\/01\/DSC_0399-1200x649.jpg\" class=\"attachment-large size-large wp-image-10971\" alt=\"\" srcset=\"https:\/\/www.clementlunetier.com\/wp-content\/uploads\/2026\/01\/DSC_0399-1200x649.jpg 1200w, https:\/\/www.clementlunetier.com\/wp-content\/uploads\/2026\/01\/DSC_0399-600x324.jpg 600w, https:\/\/www.clementlunetier.com\/wp-content\/uploads\/2026\/01\/DSC_0399-768x415.jpg 768w, https:\/\/www.clementlunetier.com\/wp-content\/uploads\/2026\/01\/DSC_0399-1536x831.jpg 1536w, https:\/\/www.clementlunetier.com\/wp-content\/uploads\/2026\/01\/DSC_0399-2048x1108.jpg 2048w, https:\/\/www.clementlunetier.com\/wp-content\/uploads\/2026\/01\/DSC_0399-18x10.jpg 18w, https:\/\/www.clementlunetier.com\/wp-content\/uploads\/2026\/01\/DSC_0399-500x270.jpg 500w, https:\/\/www.clementlunetier.com\/wp-content\/uploads\/2026\/01\/DSC_0399-1100x595.jpg 1100w, https:\/\/www.clementlunetier.com\/wp-content\/uploads\/2026\/01\/DSC_0399-220x119.jpg 220w\" sizes=\"(max-width: 1200px) 100vw, 1200px\" \/>\t\t\t\t\t\t\t\t\t\t\t\t\t\t\t<\/div>\n\t\t\t\t<\/div>\n\t\t\t\t<div class=\"elementor-element elementor-element-09ca655 elementor-widget elementor-widget-text-editor\" data-id=\"09ca655\" data-element_type=\"widget\" data-e-type=\"widget\" data-widget_type=\"text-editor.default\">\n\t\t\t\t<div class=\"elementor-widget-container\">\n\t\t\t\t\t\t\t\t\t<p class=\"p1\" style=\"text-align: left;\">\u00a0 \u00a0 \u00a0 \u00a0 La marque cl\u00e9ment est n\u00e9e \u00e0 Strasbourg, en d\u00e9cembre 2016, de la rencontre entre <b>Vincent et Ben<\/b>, deux opticiens de formation anim\u00e9s par une m\u00eame passion : <b>le design et le savoir-faire artisanal<\/b>.<br \/>Dans <a href=\"https:\/\/www.clementlunetier.com\/en\/boutique\/\">leur boutique<\/a>, ils d\u00e9cident alors de franchir le pas \u2014 <b>fabriquer eux-m\u00eames leurs propres lunettes<\/b>.<\/p><p class=\"p1\" style=\"text-align: left;\">Forts de leur expertise et guid\u00e9s par le go\u00fbt du d\u00e9tail, ils imaginent des montures <b>sensibles, \u00e9quilibr\u00e9es et \u00e9l\u00e9gantes<\/b>, pens\u00e9es pour durer et pour avoir du sens.<\/p><p class=\"p1\" style=\"text-align: left;\">Deux ans plus tard, en 2018, leur r\u00eave prend une nouvelle dimension : <b>ils fondent leur propre usine de fabrication<\/b>. Un lieu \u00e0 leur image, o\u00f9 se m\u00ealent <b>cr\u00e9ativit\u00e9, pr\u00e9cision et exigence<\/b>.<br \/>Cette usine devient le c\u0153ur battant de la marque \u2014 un espace o\u00f9 <b>la production locale<\/b>, <b>la qualit\u00e9<\/b> et <b>l\u2019innovation<\/b> s\u2019expriment pleinement.<\/p>\t\t\t\t\t\t\t\t<\/div>\n\t\t\t\t<\/div>\n\t\t\t\t\t<\/div>\n\t\t\t\t<\/div>\n\t\t<div class=\"elementor-element elementor-element-009effc e-flex e-con-boxed e-con e-parent\" data-id=\"009effc\" data-element_type=\"container\" data-e-type=\"container\">\n\t\t\t\t\t<div class=\"e-con-inner\">\n\t\t\t\t<div class=\"elementor-element elementor-element-3ad00e3 elementor-widget elementor-widget-image\" data-id=\"3ad00e3\" data-element_type=\"widget\" data-e-type=\"widget\" data-widget_type=\"image.default\">\n\t\t\t\t<div class=\"elementor-widget-container\">\n\t\t\t\t\t\t\t\t\t\t\t\t\t\t\t<img decoding=\"async\" width=\"1200\" height=\"649\" src=\"https:\/\/www.clementlunetier.com\/wp-content\/uploads\/2026\/01\/DSC_03992-1200x649.jpg\" class=\"attachment-large size-large wp-image-10969\" alt=\"\" srcset=\"https:\/\/www.clementlunetier.com\/wp-content\/uploads\/2026\/01\/DSC_03992-1200x649.jpg 1200w, https:\/\/www.clementlunetier.com\/wp-content\/uploads\/2026\/01\/DSC_03992-600x324.jpg 600w, https:\/\/www.clementlunetier.com\/wp-content\/uploads\/2026\/01\/DSC_03992-768x415.jpg 768w, https:\/\/www.clementlunetier.com\/wp-content\/uploads\/2026\/01\/DSC_03992-1536x831.jpg 1536w, https:\/\/www.clementlunetier.com\/wp-content\/uploads\/2026\/01\/DSC_03992-2048x1108.jpg 2048w, https:\/\/www.clementlunetier.com\/wp-content\/uploads\/2026\/01\/DSC_03992-18x10.jpg 18w, https:\/\/www.clementlunetier.com\/wp-content\/uploads\/2026\/01\/DSC_03992-500x270.jpg 500w, https:\/\/www.clementlunetier.com\/wp-content\/uploads\/2026\/01\/DSC_03992-1100x595.jpg 1100w, https:\/\/www.clementlunetier.com\/wp-content\/uploads\/2026\/01\/DSC_03992-220x119.jpg 220w\" sizes=\"(max-width: 1200px) 100vw, 1200px\" \/>\t\t\t\t\t\t\t\t\t\t\t\t\t\t\t<\/div>\n\t\t\t\t<\/div>\n\t\t\t\t<div class=\"elementor-element elementor-element-14e2e7d elementor-widget elementor-widget-text-editor\" data-id=\"14e2e7d\" data-element_type=\"widget\" data-e-type=\"widget\" data-widget_type=\"text-editor.default\">\n\t\t\t\t<div class=\"elementor-widget-container\">\n\t\t\t\t\t\t\t\t\t<p>\u00a0<\/p><p class=\"p1\">L\u2019<b>ADN cr\u00e9atif de la marque<\/b> puise son inspiration dans le design et l\u2019a\u00e9ronautique, domaines qui fa\u00e7onnent <b>l\u2019\u00e9quilibre et l\u2019harmonie g\u00e9om\u00e9trique<\/b> de chaque monture.<\/p><p class=\"p1\">S\u2019inscrivant dans une d\u00e9marche minimaliste, cette cr\u00e9ativit\u00e9 explore <b>la richesse des formes et des lignes<\/b>, donnant naissance \u00e0 des mod\u00e8les \u00e0 la fois <b>\u00e9l\u00e9gants et modernes<\/b>.<\/p><p class=\"p1\">Le <b>travail de la couleur<\/b> occupe une place pr\u00e9pond\u00e9rante dans notre approche du design. Nous jouons avec la subtilit\u00e9 de ses variations selon les <b>mati\u00e8res<\/b> et les <b>finitions<\/b>, pour cr\u00e9er une <b>harmonie visuelle parfaite<\/b>.<\/p>\t\t\t\t\t\t\t\t<\/div>\n\t\t\t\t<\/div>\n\t\t\t\t\t<\/div>\n\t\t\t\t<\/div>\n\t\t<div class=\"elementor-element elementor-element-bb93285 e-flex e-con-boxed e-con e-parent\" data-id=\"bb93285\" data-element_type=\"container\" data-e-type=\"container\">\n\t\t\t\t\t<div class=\"e-con-inner\">\n\t\t\t\t<div class=\"elementor-element elementor-element-9d6416e elementor-widget elementor-widget-image\" data-id=\"9d6416e\" data-element_type=\"widget\" data-e-type=\"widget\" data-widget_type=\"image.default\">\n\t\t\t\t<div class=\"elementor-widget-container\">\n\t\t\t\t\t\t\t\t\t\t\t\t\t\t\t<img decoding=\"async\" width=\"1200\" height=\"759\" src=\"https:\/\/www.clementlunetier.com\/wp-content\/uploads\/2021\/02\/nuagehome-1200x759.jpg\" class=\"attachment-large size-large wp-image-2971\" alt=\"\" srcset=\"https:\/\/www.clementlunetier.com\/wp-content\/uploads\/2021\/02\/nuagehome-1200x759.jpg 1200w, https:\/\/www.clementlunetier.com\/wp-content\/uploads\/2021\/02\/nuagehome-500x316.jpg 500w, https:\/\/www.clementlunetier.com\/wp-content\/uploads\/2021\/02\/nuagehome-196x124.jpg 196w, https:\/\/www.clementlunetier.com\/wp-content\/uploads\/2021\/02\/nuagehome-1100x696.jpg 1100w, https:\/\/www.clementlunetier.com\/wp-content\/uploads\/2021\/02\/nuagehome-600x380.jpg 600w, https:\/\/www.clementlunetier.com\/wp-content\/uploads\/2021\/02\/nuagehome-768x486.jpg 768w, https:\/\/www.clementlunetier.com\/wp-content\/uploads\/2021\/02\/nuagehome.jpg 1313w\" sizes=\"(max-width: 1200px) 100vw, 1200px\" \/>\t\t\t\t\t\t\t\t\t\t\t\t\t\t\t<\/div>\n\t\t\t\t<\/div>\n\t\t\t\t\t<\/div>\n\t\t\t\t<\/div>\n\t\t\t\t<\/div>","protected":false},"excerpt":{"rendered":"<p>ABOUT \u00a0 \u00a0 \u00a0 \u00a0 La marque cl\u00e9ment est n\u00e9e \u00e0 Strasbourg, en d\u00e9cembre 2016, de la rencontre entre Vincent et Ben, deux opticiens de formation anim\u00e9s par une m\u00eame passion : le design et le savoir-faire artisanal.Dans leur boutique, ils d\u00e9cident alors de franchir le pas \u2014 fabriquer eux-m\u00eames leurs propres lunettes. Forts de [&hellip;]<\/p>\n","protected":false},"author":2,"featured_media":0,"parent":0,"menu_order":0,"comment_status":"closed","ping_status":"closed","template":"","meta":{"site-sidebar-layout":"no-sidebar","site-content-layout":"plain-container","ast-site-content-layout":"normal-width-container","site-content-style":"unboxed","site-sidebar-style":"unboxed","ast-global-header-display":"","ast-banner-title-visibility":"","ast-main-header-display":"","ast-hfb-above-header-display":"","ast-hfb-below-header-display":"","ast-hfb-mobile-header-display":"","site-post-title":"disabled","ast-breadcrumbs-content":"","ast-featured-img":"disabled","footer-sml-layout":"","ast-disable-related-posts":"","theme-transparent-header-meta":"default","adv-header-id-meta":"","stick-header-meta":"","header-above-stick-meta":"","header-main-stick-meta":"","header-below-stick-meta":"","astra-migrate-meta-layouts":"set","ast-page-background-enabled":"default","ast-page-background-meta":{"desktop":{"background-color":"","background-image":"","background-repeat":"repeat","background-position":"center center","background-size":"auto","background-attachment":"scroll","background-type":"","background-media":"","overlay-type":"","overlay-color":"","overlay-opacity":"","overlay-gradient":""},"tablet":{"background-color":"","background-image":"","background-repeat":"repeat","background-position":"center center","background-size":"auto","background-attachment":"scroll","background-type":"","background-media":"","overlay-type":"","overlay-color":"","overlay-opacity":"","overlay-gradient":""},"mobile":{"background-color":"","background-image":"","background-repeat":"repeat","background-position":"center center","background-size":"auto","background-attachment":"scroll","background-type":"","background-media":"","overlay-type":"","overlay-color":"","overlay-opacity":"","overlay-gradient":""}},"ast-content-background-meta":{"desktop":{"background-color":"var(--ast-global-color-5)","background-image":"","background-repeat":"repeat","background-position":"center center","background-size":"auto","background-attachment":"scroll","background-type":"","background-media":"","overlay-type":"","overlay-color":"","overlay-opacity":"","overlay-gradient":""},"tablet":{"background-color":"var(--ast-global-color-5)","background-image":"","background-repeat":"repeat","background-position":"center center","background-size":"auto","background-attachment":"scroll","background-type":"","background-media":"","overlay-type":"","overlay-color":"","overlay-opacity":"","overlay-gradient":""},"mobile":{"background-color":"var(--ast-global-color-5)","background-image":"","background-repeat":"repeat","background-position":"center center","background-size":"auto","background-attachment":"scroll","background-type":"","background-media":"","overlay-type":"","overlay-color":"","overlay-opacity":"","overlay-gradient":""}},"footnotes":""},"class_list":["post-214","page","type-page","status-publish","hentry"],"_links":{"self":[{"href":"https:\/\/www.clementlunetier.com\/en\/wp-json\/wp\/v2\/pages\/214","targetHints":{"allow":["GET"]}}],"collection":[{"href":"https:\/\/www.clementlunetier.com\/en\/wp-json\/wp\/v2\/pages"}],"about":[{"href":"https:\/\/www.clementlunetier.com\/en\/wp-json\/wp\/v2\/types\/page"}],"author":[{"embeddable":true,"href":"https:\/\/www.clementlunetier.com\/en\/wp-json\/wp\/v2\/users\/2"}],"replies":[{"embeddable":true,"href":"https:\/\/www.clementlunetier.com\/en\/wp-json\/wp\/v2\/comments?post=214"}],"version-history":[{"count":5,"href":"https:\/\/www.clementlunetier.com\/en\/wp-json\/wp\/v2\/pages\/214\/revisions"}],"predecessor-version":[{"id":10975,"href":"https:\/\/www.clementlunetier.com\/en\/wp-json\/wp\/v2\/pages\/214\/revisions\/10975"}],"wp:attachment":[{"href":"https:\/\/www.clementlunetier.com\/en\/wp-json\/wp\/v2\/media?parent=214"}],"curies":[{"name":"wp","href":"https:\/\/api.w.org\/{rel}","templated":true}]}}