{"id":2420,"date":"2019-12-30T13:07:38","date_gmt":"2019-12-30T12:07:38","guid":{"rendered":"https:\/\/www.clementlunetier.com\/?page_id=2420"},"modified":"2025-10-16T17:21:43","modified_gmt":"2025-10-16T15:21:43","slug":"boutique","status":"publish","type":"page","link":"https:\/\/www.clementlunetier.com\/en\/boutique\/","title":{"rendered":"Our shop"},"content":{"rendered":"<div data-elementor-type=\"wp-page\" data-elementor-id=\"2420\" class=\"elementor elementor-2420\" data-elementor-post-type=\"page\">\n\t\t\t\t<div class=\"elementor-element elementor-element-882d74f e-flex e-con-boxed e-con e-parent\" data-id=\"882d74f\" data-element_type=\"container\" data-e-type=\"container\">\n\t\t\t\t\t<div class=\"e-con-inner\">\n\t\t\t\t<div class=\"elementor-element elementor-element-d5da0b7 elementor-widget elementor-widget-woocommerce-breadcrumb\" data-id=\"d5da0b7\" data-element_type=\"widget\" data-e-type=\"widget\" data-widget_type=\"woocommerce-breadcrumb.default\">\n\t\t\t\t<div class=\"elementor-widget-container\">\n\t\t\t\t\t<nav class=\"woocommerce-breadcrumb\" aria-label=\"Breadcrumb\" data-no-translation=\"\" data-trp-gettext=\"\">Home<\/nav>\t\t\t\t<\/div>\n\t\t\t\t<\/div>\n\t\t\t\t\t<\/div>\n\t\t\t\t<\/div>\n\t\t\t\t<section class=\"elementor-section elementor-top-section elementor-element elementor-element-0f7aeea titreH1 elementor-section-boxed elementor-section-height-default elementor-section-height-default\" data-id=\"0f7aeea\" data-element_type=\"section\" data-e-type=\"section\">\n\t\t\t\t\t\t<div class=\"elementor-container elementor-column-gap-default\">\n\t\t\t\t\t<div class=\"elementor-column elementor-col-100 elementor-top-column elementor-element elementor-element-b7f29a3\" data-id=\"b7f29a3\" data-element_type=\"column\" data-e-type=\"column\">\n\t\t\t<div class=\"elementor-widget-wrap elementor-element-populated\">\n\t\t\t\t\t\t<div class=\"elementor-element elementor-element-3257f11 elementor-widget elementor-widget-heading\" data-id=\"3257f11\" data-element_type=\"widget\" data-e-type=\"widget\" data-widget_type=\"heading.default\">\n\t\t\t\t<div class=\"elementor-widget-container\">\n\t\t\t\t\t<h1 class=\"elementor-heading-title elementor-size-default\">SHOP \/ KRUTENAU<\/h1>\t\t\t\t<\/div>\n\t\t\t\t<\/div>\n\t\t\t\t\t<\/div>\n\t\t<\/div>\n\t\t\t\t\t<\/div>\n\t\t<\/section>\n\t\t<div class=\"elementor-element elementor-element-9586c79 e-flex e-con-boxed e-con e-parent\" data-id=\"9586c79\" data-element_type=\"container\" data-e-type=\"container\">\n\t\t\t\t\t<div class=\"e-con-inner\">\n\t\t<div class=\"elementor-element elementor-element-2478982 e-con-full e-flex e-con e-child\" data-id=\"2478982\" data-element_type=\"container\" data-e-type=\"container\">\n\t\t\t\t<div class=\"elementor-element elementor-element-9754ca0 elementor-widget elementor-widget-image\" data-id=\"9754ca0\" data-element_type=\"widget\" data-e-type=\"widget\" data-widget_type=\"image.default\">\n\t\t\t\t<div class=\"elementor-widget-container\">\n\t\t\t\t\t\t\t\t\t\t\t\t\t\t\t<img fetchpriority=\"high\" decoding=\"async\" width=\"1200\" height=\"579\" src=\"https:\/\/www.clementlunetier.com\/wp-content\/uploads\/2021\/05\/boutique-1536x1028-1-e1697701580874-1200x579.jpg\" class=\"attachment-large size-large wp-image-4584\" alt=\"Photo int\u00e9rieur boutique opticien - Cl\u00e9ment Lunetier\" srcset=\"https:\/\/www.clementlunetier.com\/wp-content\/uploads\/2021\/05\/boutique-1536x1028-1-e1697701580874-1200x579.jpg 1200w, https:\/\/www.clementlunetier.com\/wp-content\/uploads\/2021\/05\/boutique-1536x1028-1-e1697701580874-600x289.jpg 600w, https:\/\/www.clementlunetier.com\/wp-content\/uploads\/2021\/05\/boutique-1536x1028-1-e1697701580874-768x371.jpg 768w, https:\/\/www.clementlunetier.com\/wp-content\/uploads\/2021\/05\/boutique-1536x1028-1-e1697701580874-18x9.jpg 18w, https:\/\/www.clementlunetier.com\/wp-content\/uploads\/2021\/05\/boutique-1536x1028-1-e1697701580874-500x241.jpg 500w, https:\/\/www.clementlunetier.com\/wp-content\/uploads\/2021\/05\/boutique-1536x1028-1-e1697701580874-1100x531.jpg 1100w, https:\/\/www.clementlunetier.com\/wp-content\/uploads\/2021\/05\/boutique-1536x1028-1-e1697701580874-220x106.jpg 220w, https:\/\/www.clementlunetier.com\/wp-content\/uploads\/2021\/05\/boutique-1536x1028-1-e1697701580874.jpg 1536w\" sizes=\"(max-width: 1200px) 100vw, 1200px\" \/>\t\t\t\t\t\t\t\t\t\t\t\t\t\t\t<\/div>\n\t\t\t\t<\/div>\n\t\t\t\t<\/div>\n\t\t<div class=\"elementor-element elementor-element-1e0d235 e-con-full e-flex e-con e-child\" data-id=\"1e0d235\" data-element_type=\"container\" data-e-type=\"container\">\n\t\t\t\t<div class=\"elementor-element elementor-element-9adce6c elementor-widget elementor-widget-text-editor\" data-id=\"9adce6c\" data-element_type=\"widget\" data-e-type=\"widget\" data-widget_type=\"text-editor.default\">\n\t\t\t\t<div class=\"elementor-widget-container\">\n\t\t\t\t\t\t\t\t\t<p class=\"p1\">La boutique Cl\u00e9ment \u00e0 Strasbourg offre une exp\u00e9rience unique en compl\u00e9tant l&rsquo;univers de la marque avec <strong>commitments in terms of creation and service<\/strong>. L&rsquo;espace a \u00e9t\u00e9 con\u00e7u en suivant les lignes graphiques d\u00e9velopp\u00e9es par le studio cr\u00e9ant ainsi une nouvelle ambiance qui m\u00e9lange le bois et le m\u00e9tal pour attirer les amateurs de lieux exclusifs.<\/p><p class=\"p1\">Dans cette boutique, vous trouverez bien entendu l&rsquo;ensemble de la collection de montures Cl\u00e9ment\u00a0 ainsi que certaines pi\u00e8ces uniques d\u00e9velopp\u00e9es en avant-premi\u00e8re, offrant aux clients une opportunit\u00e9 unique d&rsquo;acqu\u00e9rir des <strong>orignal creations.<\/strong><\/p><p class=\"p2\">En plus des produits Cl\u00e9ment, la boutique propose \u00e9galement une s\u00e9lection de cr\u00e9ations de diff\u00e9rents designers, allant des cr\u00e9ateurs les plus renomm\u00e9s aux plus confidentiels.<\/p>\t\t\t\t\t\t\t\t<\/div>\n\t\t\t\t<\/div>\n\t\t\t\t<\/div>\n\t\t\t\t\t<\/div>\n\t\t\t\t<\/div>\n\t\t<div class=\"elementor-element elementor-element-fb30a3d e-flex e-con-boxed e-con e-parent\" data-id=\"fb30a3d\" data-element_type=\"container\" data-e-type=\"container\">\n\t\t\t\t\t<div class=\"e-con-inner\">\n\t\t<div class=\"elementor-element elementor-element-5915633 e-con-full e-flex e-con e-child\" data-id=\"5915633\" data-element_type=\"container\" data-e-type=\"container\">\n\t\t\t\t<div class=\"elementor-element elementor-element-b71f9b0 elementor-widget elementor-widget-image\" data-id=\"b71f9b0\" data-element_type=\"widget\" data-e-type=\"widget\" data-widget_type=\"image.default\">\n\t\t\t\t<div class=\"elementor-widget-container\">\n\t\t\t\t\t\t\t\t\t\t\t\t\t\t\t<img decoding=\"async\" width=\"1200\" height=\"788\" src=\"https:\/\/www.clementlunetier.com\/wp-content\/uploads\/2023\/10\/logo.ahlem_-1200x788.jpg\" class=\"attachment-large size-large wp-image-8976\" alt=\"\" srcset=\"https:\/\/www.clementlunetier.com\/wp-content\/uploads\/2023\/10\/logo.ahlem_-1200x788.jpg 1200w, https:\/\/www.clementlunetier.com\/wp-content\/uploads\/2023\/10\/logo.ahlem_-600x394.jpg 600w, https:\/\/www.clementlunetier.com\/wp-content\/uploads\/2023\/10\/logo.ahlem_-768x504.jpg 768w, https:\/\/www.clementlunetier.com\/wp-content\/uploads\/2023\/10\/logo.ahlem_-18x12.jpg 18w, https:\/\/www.clementlunetier.com\/wp-content\/uploads\/2023\/10\/logo.ahlem_-500x328.jpg 500w, https:\/\/www.clementlunetier.com\/wp-content\/uploads\/2023\/10\/logo.ahlem_-1100x722.jpg 1100w, https:\/\/www.clementlunetier.com\/wp-content\/uploads\/2023\/10\/logo.ahlem_-189x124.jpg 189w, https:\/\/www.clementlunetier.com\/wp-content\/uploads\/2023\/10\/logo.ahlem_.jpg 1280w\" sizes=\"(max-width: 1200px) 100vw, 1200px\" \/>\t\t\t\t\t\t\t\t\t\t\t\t\t\t\t<\/div>\n\t\t\t\t<\/div>\n\t\t\t\t<\/div>\n\t\t<div class=\"elementor-element elementor-element-4624a1c e-con-full e-flex e-con e-child\" data-id=\"4624a1c\" data-element_type=\"container\" data-e-type=\"container\">\n\t\t\t\t<div class=\"elementor-element elementor-element-e789621 elementor-widget elementor-widget-image\" data-id=\"e789621\" data-element_type=\"widget\" data-e-type=\"widget\" data-widget_type=\"image.default\">\n\t\t\t\t<div class=\"elementor-widget-container\">\n\t\t\t\t\t\t\t\t\t\t\t\t\t\t\t<img decoding=\"async\" width=\"1200\" height=\"788\" src=\"https:\/\/www.clementlunetier.com\/wp-content\/uploads\/2021\/10\/Baars-PNG-1200x788.png\" class=\"attachment-large size-large wp-image-6234\" alt=\"Logo Baars\" srcset=\"https:\/\/www.clementlunetier.com\/wp-content\/uploads\/2021\/10\/Baars-PNG-1200x788.png 1200w, https:\/\/www.clementlunetier.com\/wp-content\/uploads\/2021\/10\/Baars-PNG-600x394.png 600w, https:\/\/www.clementlunetier.com\/wp-content\/uploads\/2021\/10\/Baars-PNG-768x504.png 768w, https:\/\/www.clementlunetier.com\/wp-content\/uploads\/2021\/10\/Baars-PNG-18x12.png 18w, https:\/\/www.clementlunetier.com\/wp-content\/uploads\/2021\/10\/Baars-PNG-500x328.png 500w, https:\/\/www.clementlunetier.com\/wp-content\/uploads\/2021\/10\/Baars-PNG-1100x722.png 1100w, https:\/\/www.clementlunetier.com\/wp-content\/uploads\/2021\/10\/Baars-PNG-189x124.png 189w, https:\/\/www.clementlunetier.com\/wp-content\/uploads\/2021\/10\/Baars-PNG.png 1280w\" sizes=\"(max-width: 1200px) 100vw, 1200px\" \/>\t\t\t\t\t\t\t\t\t\t\t\t\t\t\t<\/div>\n\t\t\t\t<\/div>\n\t\t\t\t<\/div>\n\t\t<div class=\"elementor-element elementor-element-d699cd9 e-con-full e-flex e-con e-child\" data-id=\"d699cd9\" data-element_type=\"container\" data-e-type=\"container\">\n\t\t\t\t<div class=\"elementor-element elementor-element-f62974c elementor-widget elementor-widget-image\" data-id=\"f62974c\" data-element_type=\"widget\" data-e-type=\"widget\" data-widget_type=\"image.default\">\n\t\t\t\t<div class=\"elementor-widget-container\">\n\t\t\t\t\t\t\t\t\t\t\t\t\t\t\t<img loading=\"lazy\" decoding=\"async\" width=\"1200\" height=\"788\" src=\"https:\/\/www.clementlunetier.com\/wp-content\/uploads\/2021\/10\/Vava-PNG-1200x788.png\" class=\"attachment-large size-large wp-image-6237\" alt=\"Logo Vava Eyewear\" srcset=\"https:\/\/www.clementlunetier.com\/wp-content\/uploads\/2021\/10\/Vava-PNG-1200x788.png 1200w, https:\/\/www.clementlunetier.com\/wp-content\/uploads\/2021\/10\/Vava-PNG-600x394.png 600w, https:\/\/www.clementlunetier.com\/wp-content\/uploads\/2021\/10\/Vava-PNG-768x504.png 768w, https:\/\/www.clementlunetier.com\/wp-content\/uploads\/2021\/10\/Vava-PNG-18x12.png 18w, https:\/\/www.clementlunetier.com\/wp-content\/uploads\/2021\/10\/Vava-PNG-500x328.png 500w, https:\/\/www.clementlunetier.com\/wp-content\/uploads\/2021\/10\/Vava-PNG-1100x722.png 1100w, https:\/\/www.clementlunetier.com\/wp-content\/uploads\/2021\/10\/Vava-PNG-189x124.png 189w, https:\/\/www.clementlunetier.com\/wp-content\/uploads\/2021\/10\/Vava-PNG.png 1280w\" sizes=\"(max-width: 1200px) 100vw, 1200px\" \/>\t\t\t\t\t\t\t\t\t\t\t\t\t\t\t<\/div>\n\t\t\t\t<\/div>\n\t\t\t\t<\/div>\n\t\t<div class=\"elementor-element elementor-element-388d215 e-con-full e-flex e-con e-child\" data-id=\"388d215\" data-element_type=\"container\" data-e-type=\"container\">\n\t\t\t\t<div class=\"elementor-element elementor-element-a3c2bf5 elementor-widget elementor-widget-image\" data-id=\"a3c2bf5\" data-element_type=\"widget\" data-e-type=\"widget\" data-widget_type=\"image.default\">\n\t\t\t\t<div class=\"elementor-widget-container\">\n\t\t\t\t\t\t\t\t\t\t\t\t\t\t\t<img loading=\"lazy\" decoding=\"async\" width=\"1200\" height=\"788\" src=\"https:\/\/www.clementlunetier.com\/wp-content\/uploads\/2021\/10\/ResRei-PNG-1200x788.png\" class=\"attachment-large size-large wp-image-6236\" alt=\"Logo Res \/ Rei\" srcset=\"https:\/\/www.clementlunetier.com\/wp-content\/uploads\/2021\/10\/ResRei-PNG-1200x788.png 1200w, https:\/\/www.clementlunetier.com\/wp-content\/uploads\/2021\/10\/ResRei-PNG-600x394.png 600w, https:\/\/www.clementlunetier.com\/wp-content\/uploads\/2021\/10\/ResRei-PNG-768x504.png 768w, https:\/\/www.clementlunetier.com\/wp-content\/uploads\/2021\/10\/ResRei-PNG-18x12.png 18w, https:\/\/www.clementlunetier.com\/wp-content\/uploads\/2021\/10\/ResRei-PNG-500x328.png 500w, https:\/\/www.clementlunetier.com\/wp-content\/uploads\/2021\/10\/ResRei-PNG-1100x722.png 1100w, https:\/\/www.clementlunetier.com\/wp-content\/uploads\/2021\/10\/ResRei-PNG-189x124.png 189w, https:\/\/www.clementlunetier.com\/wp-content\/uploads\/2021\/10\/ResRei-PNG.png 1280w\" sizes=\"(max-width: 1200px) 100vw, 1200px\" \/>\t\t\t\t\t\t\t\t\t\t\t\t\t\t\t<\/div>\n\t\t\t\t<\/div>\n\t\t\t\t<\/div>\n\t\t\t\t\t<\/div>\n\t\t\t\t<\/div>\n\t\t<div class=\"elementor-element elementor-element-13ec158 e-flex e-con-boxed e-con e-parent\" data-id=\"13ec158\" data-element_type=\"container\" data-e-type=\"container\">\n\t\t\t\t\t<div class=\"e-con-inner\">\n\t\t<div class=\"elementor-element elementor-element-80027de e-con-full e-flex e-con e-child\" data-id=\"80027de\" data-element_type=\"container\" data-e-type=\"container\">\n\t\t\t\t<\/div>\n\t\t<div class=\"elementor-element elementor-element-fdfb5d1 e-con-full e-flex e-con e-child\" data-id=\"fdfb5d1\" data-element_type=\"container\" data-e-type=\"container\">\n\t\t\t\t<\/div>\n\t\t<div class=\"elementor-element elementor-element-40f1fa3 e-con-full e-flex e-con e-child\" data-id=\"40f1fa3\" data-element_type=\"container\" data-e-type=\"container\">\n\t\t\t\t<\/div>\n\t\t<div class=\"elementor-element elementor-element-571b575 e-con-full e-flex e-con e-child\" data-id=\"571b575\" data-element_type=\"container\" data-e-type=\"container\">\n\t\t\t\t<\/div>\n\t\t\t\t\t<\/div>\n\t\t\t\t<\/div>\n\t\t\t\t<section class=\"elementor-section elementor-top-section elementor-element elementor-element-c294349 elementor-hidden-tablet elementor-hidden-mobile elementor-section-boxed elementor-section-height-default elementor-section-height-default\" data-id=\"c294349\" data-element_type=\"section\" data-e-type=\"section\">\n\t\t\t\t\t\t<div class=\"elementor-container elementor-column-gap-default\">\n\t\t\t\t\t<div class=\"elementor-column elementor-col-100 elementor-top-column elementor-element elementor-element-204c0c8\" data-id=\"204c0c8\" data-element_type=\"column\" data-e-type=\"column\">\n\t\t\t<div class=\"elementor-widget-wrap elementor-element-populated\">\n\t\t\t\t\t\t<div class=\"elementor-element elementor-element-7b82e93 elementor-widget elementor-widget-spacer\" data-id=\"7b82e93\" data-element_type=\"widget\" data-e-type=\"widget\" data-widget_type=\"spacer.default\">\n\t\t\t\t<div class=\"elementor-widget-container\">\n\t\t\t\t\t\t\t<div class=\"elementor-spacer\">\n\t\t\t<div class=\"elementor-spacer-inner\"><\/div>\n\t\t<\/div>\n\t\t\t\t\t\t<\/div>\n\t\t\t\t<\/div>\n\t\t\t\t\t<\/div>\n\t\t<\/div>\n\t\t\t\t\t<\/div>\n\t\t<\/section>\n\t\t\t\t<div class=\"elementor-section elementor-top-section elementor-element elementor-element-8a49867 elementor-section-content-middle elementor-section-stretched elementor-section-boxed elementor-section-height-default elementor-section-height-default\" data-id=\"8a49867\" data-element_type=\"section\" data-e-type=\"section\" data-settings=\"{&quot;stretch_section&quot;:&quot;section-stretched&quot;,&quot;background_background&quot;:&quot;classic&quot;}\">\n\t\t\t\t\t\t<div class=\"elementor-container elementor-column-gap-default\">\n\t\t\t\t\t<div class=\"elementor-column elementor-col-50 elementor-top-column elementor-element elementor-element-f26ecdf\" data-id=\"f26ecdf\" data-element_type=\"column\" data-e-type=\"column\">\n\t\t\t<div class=\"elementor-widget-wrap elementor-element-populated\">\n\t\t\t\t\t\t<div class=\"elementor-element elementor-element-4d9da75 elementor-widget elementor-widget-text-editor\" data-id=\"4d9da75\" data-element_type=\"widget\" data-e-type=\"widget\" data-widget_type=\"text-editor.default\">\n\t\t\t\t<div class=\"elementor-widget-container\">\n\t\t\t\t\t\t\t\t\t<p><strong>Boutique Cl\u00e9ment<\/strong><br \/>50 rue de Zurich 67000\u00a0 Strasbourg \/ Krutenau<br \/><strong>phone:<\/strong> 09.64.49.89.74<br \/><strong>mail:<\/strong> <a href=\"mailto:boutique@clementlunetier.com\">boutique@clementlunetier.com<\/a><\/p><p class=\"translation-block\"><strong>Opening hours<\/strong><br><strong>Tuesday to friday:<\/strong> 10 AM \u2013 12:30 PM \/ 2:30 PM \u2013 7 PM<br>\n<strong>Saturday:<\/strong> 10 AM \u2013 12:30 PM \/ 2:30 PM \u2013 5 PM<\/p>\t\t\t\t\t\t\t\t<\/div>\n\t\t\t\t<\/div>\n\t\t\t\t\t<\/div>\n\t\t<\/div>\n\t\t\t\t<div class=\"elementor-column elementor-col-50 elementor-top-column elementor-element elementor-element-340f345\" data-id=\"340f345\" data-element_type=\"column\" data-e-type=\"column\">\n\t\t\t<div class=\"elementor-widget-wrap elementor-element-populated\">\n\t\t\t\t\t\t<div class=\"elementor-element elementor-element-65b954d elementor-widget elementor-widget-shortcode\" data-id=\"65b954d\" data-element_type=\"widget\" data-e-type=\"widget\" data-widget_type=\"shortcode.default\">\n\t\t\t\t<div class=\"elementor-widget-container\">\n\t\t\t\t\t\t\t<div class=\"elementor-shortcode\"><div id=\"maprevendeurs\" \n\n              class=\"ag_map1709\" \n\n              data-instance=\"1\"><\/div><div class=\"ag_map1709_search\">\n                <h3 class=\"title\">Rechercher un distributeur \u00e0<\/h3>\n                <label for=\"user_input_autocomplete_address-maprevendeurs\">Ma ville : <\/label>\n                <input id=\"user_input_autocomplete_address-maprevendeurs\" \n                name=\"user_input_autocomplete_address-maprevendeurs\"\n                data-mapid=\"maprevendeurs\"\n                data-zoom=\"10\"\n                class=\"form-control\" \n                placeholder=\"ma ville\"><\/div><\/div>\n\t\t\t\t\t\t<\/div>\n\t\t\t\t<\/div>\n\t\t\t\t\t<\/div>\n\t\t<\/div>\n\t\t\t\t\t<\/div>\n\t\t<\/div>\n\t\t<div class=\"elementor-element elementor-element-350b8d2 e-flex e-con-boxed e-con e-parent\" data-id=\"350b8d2\" data-element_type=\"container\" data-e-type=\"container\">\n\t\t\t\t\t<div class=\"e-con-inner\">\n\t\t\t\t<div class=\"elementor-element elementor-element-be6dd7d elementor-fixed elementor-widget elementor-widget-button\" data-id=\"be6dd7d\" data-element_type=\"widget\" data-e-type=\"widget\" data-settings=\"{&quot;_position&quot;:&quot;fixed&quot;}\" data-widget_type=\"button.default\">\n\t\t\t\t<div class=\"elementor-widget-container\">\n\t\t\t\t\t\t\t\t\t<div class=\"elementor-button-wrapper\">\n\t\t\t\t\t<a class=\"elementor-button elementor-button-link elementor-size-sm\" href=\"https:\/\/user.clicrdv.com\/boutique-clement-lunetier\">\n\t\t\t\t\t\t<span class=\"elementor-button-content-wrapper\">\n\t\t\t\t\t\t\t\t\t<span class=\"elementor-button-text\">MAKE AN APPOINTMENT<\/span>\n\t\t\t\t\t<\/span>\n\t\t\t\t\t<\/a>\n\t\t\t\t<\/div>\n\t\t\t\t\t\t\t\t<\/div>\n\t\t\t\t<\/div>\n\t\t\t\t\t<\/div>\n\t\t\t\t<\/div>\n\t\t\t\t<\/div>","protected":false},"excerpt":{"rendered":"<p>SHOP \/ KRUTENAU La boutique Cl\u00e9ment \u00e0 Strasbourg offre une exp\u00e9rience unique en compl\u00e9tant l&rsquo;univers de la marque avec des engagements en mati\u00e8re de cr\u00e9ation et de service. L&rsquo;espace a \u00e9t\u00e9 con\u00e7u en suivant les lignes graphiques d\u00e9velopp\u00e9es par le studio cr\u00e9ant ainsi une nouvelle ambiance qui m\u00e9lange le bois et le m\u00e9tal pour attirer [&hellip;]<\/p>\n","protected":false},"author":2,"featured_media":0,"parent":0,"menu_order":0,"comment_status":"closed","ping_status":"closed","template":"elementor_theme","meta":{"site-sidebar-layout":"no-sidebar","site-content-layout":"plain-container","ast-site-content-layout":"normal-width-container","site-content-style":"unboxed","site-sidebar-style":"unboxed","ast-global-header-display":"","ast-banner-title-visibility":"","ast-main-header-display":"","ast-hfb-above-header-display":"","ast-hfb-below-header-display":"","ast-hfb-mobile-header-display":"","site-post-title":"disabled","ast-breadcrumbs-content":"","ast-featured-img":"disabled","footer-sml-layout":"","ast-disable-related-posts":"","theme-transparent-header-meta":"default","adv-header-id-meta":"","stick-header-meta":"default","header-above-stick-meta":"","header-main-stick-meta":"","header-below-stick-meta":"","astra-migrate-meta-layouts":"set","ast-page-background-enabled":"default","ast-page-background-meta":{"desktop":{"background-color":"","background-image":"","background-repeat":"repeat","background-position":"center center","background-size":"auto","background-attachment":"scroll","background-type":"","background-media":"","overlay-type":"","overlay-color":"","overlay-opacity":"","overlay-gradient":""},"tablet":{"background-color":"","background-image":"","background-repeat":"repeat","background-position":"center center","background-size":"auto","background-attachment":"scroll","background-type":"","background-media":"","overlay-type":"","overlay-color":"","overlay-opacity":"","overlay-gradient":""},"mobile":{"background-color":"","background-image":"","background-repeat":"repeat","background-position":"center center","background-size":"auto","background-attachment":"scroll","background-type":"","background-media":"","overlay-type":"","overlay-color":"","overlay-opacity":"","overlay-gradient":""}},"ast-content-background-meta":{"desktop":{"background-color":"var(--ast-global-color-5)","background-image":"","background-repeat":"repeat","background-position":"center center","background-size":"auto","background-attachment":"scroll","background-type":"","background-media":"","overlay-type":"","overlay-color":"","overlay-opacity":"","overlay-gradient":""},"tablet":{"background-color":"var(--ast-global-color-5)","background-image":"","background-repeat":"repeat","background-position":"center center","background-size":"auto","background-attachment":"scroll","background-type":"","background-media":"","overlay-type":"","overlay-color":"","overlay-opacity":"","overlay-gradient":""},"mobile":{"background-color":"var(--ast-global-color-5)","background-image":"","background-repeat":"repeat","background-position":"center center","background-size":"auto","background-attachment":"scroll","background-type":"","background-media":"","overlay-type":"","overlay-color":"","overlay-opacity":"","overlay-gradient":""}},"footnotes":""},"class_list":["post-2420","page","type-page","status-publish","hentry"],"_links":{"self":[{"href":"https:\/\/www.clementlunetier.com\/en\/wp-json\/wp\/v2\/pages\/2420","targetHints":{"allow":["GET"]}}],"collection":[{"href":"https:\/\/www.clementlunetier.com\/en\/wp-json\/wp\/v2\/pages"}],"about":[{"href":"https:\/\/www.clementlunetier.com\/en\/wp-json\/wp\/v2\/types\/page"}],"author":[{"embeddable":true,"href":"https:\/\/www.clementlunetier.com\/en\/wp-json\/wp\/v2\/users\/2"}],"replies":[{"embeddable":true,"href":"https:\/\/www.clementlunetier.com\/en\/wp-json\/wp\/v2\/comments?post=2420"}],"version-history":[{"count":5,"href":"https:\/\/www.clementlunetier.com\/en\/wp-json\/wp\/v2\/pages\/2420\/revisions"}],"predecessor-version":[{"id":10929,"href":"https:\/\/www.clementlunetier.com\/en\/wp-json\/wp\/v2\/pages\/2420\/revisions\/10929"}],"wp:attachment":[{"href":"https:\/\/www.clementlunetier.com\/en\/wp-json\/wp\/v2\/media?parent=2420"}],"curies":[{"name":"wp","href":"https:\/\/api.w.org\/{rel}","templated":true}]}}